{"id":1004,"date":"2021-07-05T20:37:19","date_gmt":"2021-07-05T23:37:19","guid":{"rendered":"http:\/\/passarela.carnavalvirtual.com.br\/?page_id=1004"},"modified":"2021-11-13T18:57:27","modified_gmt":"2021-11-13T21:57:27","slug":"2021-grupo-acesso-2-academicos-da-primavera","status":"publish","type":"page","link":"https:\/\/carnavalvirtual.com.br\/passarela\/2021-grupo-acesso-2-academicos-da-primavera\/","title":{"rendered":"\u2014 \u2014 17 \u2013 GRESV Acad\u00eamicos da Primavera \u2013 Carnaval Virtual 2021"},"content":{"rendered":"\n[et_pb_section fb_built=&#8221;1&#8243; _builder_version=&#8221;4.10.7&#8243; _module_preset=&#8221;default&#8221; background_image=&#8221;https:\/\/carnavalvirtual.com.br\/passarela\/wp-content\/uploads\/2021\/11\/Arquibancada.gif&#8221; background_size=&#8221;initial&#8221; background_repeat=&#8221;repeat-y&#8221; hover_enabled=&#8221;0&#8243; collapsed=&#8221;off&#8221; global_colors_info=&#8221;{}&#8221; title_text=&#8221;Arquibancada&#8221; sticky_enabled=&#8221;0&#8243;][et_pb_row _builder_version=&#8221;4.9.7&#8243; _module_preset=&#8221;default&#8221; global_colors_info=&#8221;{}&#8221;][et_pb_column type=&#8221;4_4&#8243; _builder_version=&#8221;4.9.7&#8243; _module_preset=&#8221;default&#8221; global_colors_info=&#8221;{}&#8221;][et_pb_image src=&#8221;https:\/\/carnavalvirtual.com.br\/passarela\/wp-content\/uploads\/2021\/08\/Ala-15-Bateria-Somos-Resistencia.jpg&#8221; title_text=&#8221;Ala-15&#8212;Bateria-(Somos-Resist\u00eancia)&#8221; _builder_version=&#8221;4.9.7&#8243; _module_preset=&#8221;default&#8221; custom_margin=&#8221;|||38px|false|false&#8221; global_colors_info=&#8221;{}&#8221;][\/et_pb_image][et_pb_text _builder_version=&#8221;4.9.7&#8243; _module_preset=&#8221;default&#8221; global_colors_info=&#8221;{}&#8221;]<p style=\"text-align: center\"><\/p>\n<p style=\"text-align: center\"><\/p>[\/et_pb_text][\/et_pb_column][\/et_pb_row][et_pb_row _builder_version=&#8221;4.9.7&#8243; _module_preset=&#8221;default&#8221; global_colors_info=&#8221;{}&#8221;][et_pb_column type=&#8221;4_4&#8243; _builder_version=&#8221;4.9.7&#8243; _module_preset=&#8221;default&#8221; global_colors_info=&#8221;{}&#8221;][et_pb_text _builder_version=&#8221;4.10.7&#8243; _module_preset=&#8221;default&#8221; global_colors_info=&#8221;{}&#8221;]<p style=\"text-align: center\"><strong>Ala 14 (Bateria)<\/strong><br \/>Punho cerrado, somos resist\u00eancia.<strong><\/strong><\/p>\n<p style=\"text-align: center\"><strong>Rainha de Bateria<\/strong><br \/>A For\u00e7a da Negra Mulher<\/p>[\/et_pb_text][et_pb_image src=&#8221;https:\/\/carnavalvirtual.com.br\/passarela\/wp-content\/uploads\/2021\/11\/Carro-03PrimaveraOflorscerdaVoz.gif&#8221; title_text=&#8221;Carro-03PrimaveraOflorscerdaVoz&#8221; _builder_version=&#8221;4.10.7&#8243; _module_preset=&#8221;default&#8221; custom_margin=&#8221;|||38px|false|false&#8221; global_colors_info=&#8221;{}&#8221;][\/et_pb_image][et_pb_text _builder_version=&#8221;4.9.7&#8243; _module_preset=&#8221;default&#8221; global_colors_info=&#8221;{}&#8221;]<p style=\"text-align: center\"><strong>Carro 03<\/strong><br \/>O Florescer da voz na esperan\u00e7a que voa na for\u00e7a das asas do Gavi\u00e3o Encantado.<\/p>[\/et_pb_text][\/et_pb_column][\/et_pb_row][et_pb_row _builder_version=&#8221;4.9.7&#8243; _module_preset=&#8221;default&#8221; global_colors_info=&#8221;{}&#8221;][et_pb_column type=&#8221;4_4&#8243; _builder_version=&#8221;4.9.7&#8243; _module_preset=&#8221;default&#8221; global_colors_info=&#8221;{}&#8221;][et_pb_image src=&#8221;https:\/\/carnavalvirtual.com.br\/passarela\/wp-content\/uploads\/2021\/08\/Ala-14-Somos-Todos-Anastacia.jpg&#8221; title_text=&#8221;Ala-14&#8212;Somos-Todos-Anast\u00e1cia&#8221; _builder_version=&#8221;4.9.7&#8243; _module_preset=&#8221;default&#8221; min_height=&#8221;1345px&#8221; custom_margin=&#8221;|||38px|false|false&#8221; global_colors_info=&#8221;{}&#8221;][\/et_pb_image][et_pb_text _builder_version=&#8221;4.9.7&#8243; _module_preset=&#8221;default&#8221; global_colors_info=&#8221;{}&#8221;]<p style=\"text-align: center\"><strong>Ala 13<\/strong><br \/>&#8220;Grito de Liberdade onde a uni\u00e3o faz a for\u00e7a&#8221;. Somos todas Anast\u00e1cias!<\/p>[\/et_pb_text][\/et_pb_column][\/et_pb_row][et_pb_row _builder_version=&#8221;4.9.7&#8243; _module_preset=&#8221;default&#8221; global_colors_info=&#8221;{}&#8221;][et_pb_column type=&#8221;4_4&#8243; _builder_version=&#8221;4.9.7&#8243; _module_preset=&#8221;default&#8221; global_colors_info=&#8221;{}&#8221;][et_pb_image src=&#8221;https:\/\/carnavalvirtual.com.br\/passarela\/wp-content\/uploads\/2021\/08\/Ala-13-Lei-Maria-da-Penha.jpg&#8221; title_text=&#8221;Ala-13&#8212;Lei-Maria-da-Penha&#8221; _builder_version=&#8221;4.9.7&#8243; _module_preset=&#8221;default&#8221; custom_margin=&#8221;|||38px|false|false&#8221; global_colors_info=&#8221;{}&#8221;][\/et_pb_image][et_pb_text _builder_version=&#8221;4.9.7&#8243; _module_preset=&#8221;default&#8221; global_colors_info=&#8221;{}&#8221;]<p style=\"text-align: center\"><strong>Ala 12 (Baianinhas)<\/strong><br \/>Lei Maria da Penha<\/p>\n<div id=\"gtx-trans\">\n<div class=\"gtx-trans-icon\"><\/div>\n<\/div>[\/et_pb_text][et_pb_image src=&#8221;https:\/\/carnavalvirtual.com.br\/passarela\/wp-content\/uploads\/2021\/09\/Casal2Primavera.jpg&#8221; title_text=&#8221;Casal2Primavera&#8221; align=&#8221;center&#8221; _builder_version=&#8221;4.10.7&#8243; _module_preset=&#8221;default&#8221; custom_margin=&#8221;|||38px|false|false&#8221; global_colors_info=&#8221;{}&#8221;][\/et_pb_image][\/et_pb_column][\/et_pb_row][et_pb_row _builder_version=&#8221;4.9.7&#8243; _module_preset=&#8221;default&#8221; global_colors_info=&#8221;{}&#8221;][et_pb_column type=&#8221;4_4&#8243; _builder_version=&#8221;4.9.7&#8243; _module_preset=&#8221;default&#8221; global_colors_info=&#8221;{}&#8221;][et_pb_text _builder_version=&#8221;4.9.7&#8243; _module_preset=&#8221;default&#8221; global_colors_info=&#8221;{}&#8221;]<p style=\"text-align: center\"><strong>Segundo Casal de Mestre Sala e Porta Bandeira<\/strong><br \/>Poder Feminino<\/p>\n<div id=\"gtx-trans\">\n<div class=\"gtx-trans-icon\"><\/div>\n<\/div>[\/et_pb_text][\/et_pb_column][\/et_pb_row][et_pb_row _builder_version=&#8221;4.9.7&#8243; _module_preset=&#8221;default&#8221; global_colors_info=&#8221;{}&#8221;][et_pb_column type=&#8221;4_4&#8243; _builder_version=&#8221;4.9.7&#8243; _module_preset=&#8221;default&#8221; global_colors_info=&#8221;{}&#8221;][et_pb_image src=&#8221;https:\/\/carnavalvirtual.com.br\/passarela\/wp-content\/uploads\/2021\/08\/Ala-11-Monstro-da-Ignorancia.jpg&#8221; title_text=&#8221;Ala-11-Monstro-da-Ignor\u00e2ncia&#8221; _builder_version=&#8221;4.9.7&#8243; _module_preset=&#8221;default&#8221; custom_margin=&#8221;|||38px|false|false&#8221; global_colors_info=&#8221;{}&#8221;][\/et_pb_image][et_pb_text _builder_version=&#8221;4.9.7&#8243; _module_preset=&#8221;default&#8221; global_colors_info=&#8221;{}&#8221;]<p style=\"text-align: center\"><strong>Ala 11<\/strong><br \/>Racismo e Preconceito<\/p>\n<div id=\"gtx-trans\">\n<div class=\"gtx-trans-icon\"><\/div>\n<\/div>[\/et_pb_text][\/et_pb_column][\/et_pb_row][et_pb_row _builder_version=&#8221;4.9.7&#8243; _module_preset=&#8221;default&#8221; global_colors_info=&#8221;{}&#8221;][et_pb_column type=&#8221;4_4&#8243; _builder_version=&#8221;4.9.7&#8243; _module_preset=&#8221;default&#8221; global_colors_info=&#8221;{}&#8221;][et_pb_image src=&#8221;https:\/\/carnavalvirtual.com.br\/passarela\/wp-content\/uploads\/2021\/08\/Ala-10-Capoeira.jpg&#8221; title_text=&#8221;Ala-10&#8212;Capoeira&#8221; _builder_version=&#8221;4.9.7&#8243; _module_preset=&#8221;default&#8221; custom_margin=&#8221;|||38px|false|false&#8221; global_colors_info=&#8221;{}&#8221;][\/et_pb_image][et_pb_text _builder_version=&#8221;4.9.7&#8243; _module_preset=&#8221;default&#8221; global_colors_info=&#8221;{}&#8221;]<p style=\"text-align: center\"><strong>Ala 10 (Compositores)<\/strong><br \/>Criminaliza\u00e7\u00e3o da capoeira.<\/p>\n<div id=\"gtx-trans\">\n<div class=\"gtx-trans-icon\"><\/div>\n<\/div>[\/et_pb_text][\/et_pb_column][\/et_pb_row][et_pb_row _builder_version=&#8221;4.9.7&#8243; _module_preset=&#8221;default&#8221; global_colors_info=&#8221;{}&#8221;][et_pb_column type=&#8221;4_4&#8243; _builder_version=&#8221;4.9.7&#8243; _module_preset=&#8221;default&#8221; global_colors_info=&#8221;{}&#8221;][et_pb_image src=&#8221;https:\/\/carnavalvirtual.com.br\/passarela\/wp-content\/uploads\/2021\/09\/Carro-Anastacia.gif&#8221; title_text=&#8221;Carro-Anast\u00e1cia&#8221; align=&#8221;center&#8221; _builder_version=&#8221;4.10.7&#8243; _module_preset=&#8221;default&#8221; custom_margin=&#8221;|||38px|false|false&#8221; global_colors_info=&#8221;{}&#8221;][\/et_pb_image][et_pb_text _builder_version=&#8221;4.9.7&#8243; _module_preset=&#8221;default&#8221; global_colors_info=&#8221;{}&#8221;]<p style=\"text-align: center\"><strong>Carro 02<\/strong><br \/>Santu\u00e1rio de Anast\u00e1cia. &#8220;Rainha Escrava&#8221; Santa do Brasil.<\/p>\n<div id=\"gtx-trans\">\n<div class=\"gtx-trans-icon\"><\/div>\n<\/div>[\/et_pb_text][\/et_pb_column][\/et_pb_row][et_pb_row _builder_version=&#8221;4.9.7&#8243; _module_preset=&#8221;default&#8221; global_colors_info=&#8221;{}&#8221;][et_pb_column type=&#8221;4_4&#8243; _builder_version=&#8221;4.9.7&#8243; _module_preset=&#8221;default&#8221; global_colors_info=&#8221;{}&#8221;][et_pb_image src=&#8221;https:\/\/carnavalvirtual.com.br\/passarela\/wp-content\/uploads\/2021\/11\/Ala09ProcissaodeFe.jpg&#8221; title_text=&#8221;Ala09Prociss\u00e3odeF\u00e9&#8221; _builder_version=&#8221;4.10.7&#8243; _module_preset=&#8221;default&#8221; custom_margin=&#8221;|||38px|false|false&#8221; global_colors_info=&#8221;{}&#8221;][\/et_pb_image][et_pb_text _builder_version=&#8221;4.9.7&#8243; _module_preset=&#8221;default&#8221; global_colors_info=&#8221;{}&#8221;]<p style=\"text-align: center\"><strong>Ala 09<\/strong><br \/>Prociss\u00e3o de f\u00e9 dos devotos em louvor \u00e0 Santa Anast\u00e1cia.<\/p>\n<div id=\"gtx-trans\">\n<div class=\"gtx-trans-icon\"><\/div>\n<\/div>[\/et_pb_text][\/et_pb_column][\/et_pb_row][et_pb_row _builder_version=&#8221;4.10.7&#8243; _module_preset=&#8221;default&#8221; global_colors_info=&#8221;{}&#8221;][et_pb_column type=&#8221;4_4&#8243; _builder_version=&#8221;4.9.7&#8243; _module_preset=&#8221;default&#8221; global_colors_info=&#8221;{}&#8221;][et_pb_image src=&#8221;https:\/\/carnavalvirtual.com.br\/passarela\/wp-content\/uploads\/2021\/11\/destaquedechaofe.jpg&#8221; title_text=&#8221;destaquedechaof\u00e9&#8221; _builder_version=&#8221;4.10.7&#8243; _module_preset=&#8221;default&#8221; custom_margin=&#8221;|||38px|false|false&#8221; global_colors_info=&#8221;{}&#8221;][\/et_pb_image][et_pb_text _builder_version=&#8221;4.10.7&#8243; _module_preset=&#8221;default&#8221; global_colors_info=&#8221;{}&#8221;]<p style=\"text-align: center\"><strong>Destaque de Ch\u00e3o<\/strong><br \/>F\u00e9<\/p>\n<div id=\"gtx-trans\">\n<div class=\"gtx-trans-icon\"><\/div>\n<\/div>[\/et_pb_text][\/et_pb_column][\/et_pb_row][et_pb_row _builder_version=&#8221;4.9.7&#8243; _module_preset=&#8221;default&#8221; global_colors_info=&#8221;{}&#8221;][et_pb_column type=&#8221;4_4&#8243; _builder_version=&#8221;4.9.7&#8243; _module_preset=&#8221;default&#8221; global_colors_info=&#8221;{}&#8221;][et_pb_image src=&#8221;https:\/\/carnavalvirtual.com.br\/passarela\/wp-content\/uploads\/2021\/08\/Ala-08-Milagres-do-Dom-da-Cura.jpg&#8221; title_text=&#8221;Ala-08&#8212;Milagres-do-Dom-da-Cura&#8221; _builder_version=&#8221;4.9.7&#8243; _module_preset=&#8221;default&#8221; custom_margin=&#8221;|||38px|false|false&#8221; global_colors_info=&#8221;{}&#8221;][\/et_pb_image][et_pb_text _builder_version=&#8221;4.9.7&#8243; _module_preset=&#8221;default&#8221; global_colors_info=&#8221;{}&#8221;]<p style=\"text-align: center\"><strong>Ala 08<\/strong><br \/>Milagres do Dom da Cura (O povo te fez santidade).<\/p>\n<div id=\"gtx-trans\">\n<div class=\"gtx-trans-icon\"><\/div>\n<\/div>[\/et_pb_text][\/et_pb_column][\/et_pb_row][et_pb_row _builder_version=&#8221;4.9.7&#8243; _module_preset=&#8221;default&#8221; global_colors_info=&#8221;{}&#8221;][et_pb_column type=&#8221;4_4&#8243; _builder_version=&#8221;4.9.7&#8243; _module_preset=&#8221;default&#8221; global_colors_info=&#8221;{}&#8221;][et_pb_image src=&#8221;https:\/\/carnavalvirtual.com.br\/passarela\/wp-content\/uploads\/2021\/08\/Ala-07-Negra-Santificada.jpg&#8221; title_text=&#8221;Ala-07&#8212;Negra Santificada&#8221; _builder_version=&#8221;4.9.7&#8243; _module_preset=&#8221;default&#8221; custom_margin=&#8221;|||38px|false|false&#8221; global_colors_info=&#8221;{}&#8221;][\/et_pb_image][et_pb_text _builder_version=&#8221;4.9.7&#8243; _module_preset=&#8221;default&#8221; global_colors_info=&#8221;{}&#8221;]<p style=\"text-align: center\"><strong>Ala 07<\/strong><br \/>Negra Santificada.<\/p>\n<div id=\"gtx-trans\">\n<div class=\"gtx-trans-icon\"><\/div>\n<\/div>[\/et_pb_text][\/et_pb_column][\/et_pb_row][et_pb_row _builder_version=&#8221;4.9.7&#8243; _module_preset=&#8221;default&#8221; global_colors_info=&#8221;{}&#8221;][et_pb_column type=&#8221;4_4&#8243; _builder_version=&#8221;4.9.7&#8243; _module_preset=&#8221;default&#8221; global_colors_info=&#8221;{}&#8221;][et_pb_image src=&#8221;https:\/\/carnavalvirtual.com.br\/passarela\/wp-content\/uploads\/2021\/08\/Ala-06-Aroma-de-Flores-de-Camelia.jpg&#8221; title_text=&#8221;Ala-06&#8212;Aroma-de-Flores-de-Camelia&#8221; _builder_version=&#8221;4.9.7&#8243; _module_preset=&#8221;default&#8221; custom_margin=&#8221;|||38px|false|false&#8221; global_colors_info=&#8221;{}&#8221;][\/et_pb_image][et_pb_text _builder_version=&#8221;4.9.7&#8243; _module_preset=&#8221;default&#8221; global_colors_info=&#8221;{}&#8221;]<p style=\"text-align: center\"><strong>Ala 06 (Baianas)<\/strong><br \/>Liberta\u00e7\u00e3o da Alma : Aromas de flores da Cam\u00ealia Branca.<\/p>\n<div id=\"gtx-trans\">\n<div class=\"gtx-trans-icon\"><\/div>\n<\/div>[\/et_pb_text][\/et_pb_column][\/et_pb_row][et_pb_row _builder_version=&#8221;4.9.7&#8243; _module_preset=&#8221;default&#8221; global_colors_info=&#8221;{}&#8221;][et_pb_column type=&#8221;4_4&#8243; _builder_version=&#8221;4.9.7&#8243; _module_preset=&#8221;default&#8221; global_colors_info=&#8221;{}&#8221;][et_pb_image src=&#8221;https:\/\/carnavalvirtual.com.br\/passarela\/wp-content\/uploads\/2021\/08\/Ala-05-Mascara-de-Flanders.jpg&#8221; title_text=&#8221;Ala-05&#8212;Mascara-de-Flanders&#8221; _builder_version=&#8221;4.9.7&#8243; _module_preset=&#8221;default&#8221; custom_margin=&#8221;|||38px|false|false&#8221; global_colors_info=&#8221;{}&#8221;][\/et_pb_image][et_pb_text _builder_version=&#8221;4.9.7&#8243; _module_preset=&#8221;default&#8221; global_colors_info=&#8221;{}&#8221;]<p style=\"text-align: center\"><strong>Ala 05<\/strong><br \/>Anast\u00e1cia amorda\u00e7ada (M\u00e1scara de Flanders).<\/p>\n<div id=\"gtx-trans\">\n<div class=\"gtx-trans-icon\"><\/div>\n<\/div>[\/et_pb_text][\/et_pb_column][\/et_pb_row][et_pb_row _builder_version=&#8221;4.9.7&#8243; _module_preset=&#8221;default&#8221; global_colors_info=&#8221;{}&#8221;][et_pb_column type=&#8221;4_4&#8243; _builder_version=&#8221;4.9.7&#8243; _module_preset=&#8221;default&#8221; global_colors_info=&#8221;{}&#8221;][et_pb_image src=&#8221;https:\/\/carnavalvirtual.com.br\/passarela\/wp-content\/uploads\/2021\/08\/Ala-04-Diabo-que-aprisionava-a-liberdade-negra.jpg&#8221; title_text=&#8221;Ala-04&#8212;Diabo-que-aprisionava-a-liberdade-negra&#8221; _builder_version=&#8221;4.9.7&#8243; _module_preset=&#8221;default&#8221; custom_margin=&#8221;|||38px|false|false&#8221; global_colors_info=&#8221;{}&#8221;][\/et_pb_image][et_pb_text _builder_version=&#8221;4.9.7&#8243; _module_preset=&#8221;default&#8221; global_colors_info=&#8221;{}&#8221;]<p style=\"text-align: center\"><strong>Ala 04<\/strong><br \/>Diabo que aprisionava a liberdade negra.<\/p>\n<div id=\"gtx-trans\">\n<div class=\"gtx-trans-icon\"><\/div>\n<\/div>[\/et_pb_text][\/et_pb_column][\/et_pb_row][et_pb_row _builder_version=&#8221;4.9.7&#8243; _module_preset=&#8221;default&#8221; global_colors_info=&#8221;{}&#8221;][et_pb_column type=&#8221;4_4&#8243; _builder_version=&#8221;4.9.7&#8243; _module_preset=&#8221;default&#8221; global_colors_info=&#8221;{}&#8221;][et_pb_image src=&#8221;https:\/\/carnavalvirtual.com.br\/passarela\/wp-content\/uploads\/2021\/11\/AbreAlasPrimaveraNavioNegreiroSofrimento.gif&#8221; title_text=&#8221;AbreAlasPrimaveraNavioNegreiroSofrimento&#8221; align=&#8221;center&#8221; _builder_version=&#8221;4.10.7&#8243; _module_preset=&#8221;default&#8221; global_colors_info=&#8221;{}&#8221;][\/et_pb_image][et_pb_text _builder_version=&#8221;4.9.7&#8243; _module_preset=&#8221;default&#8221; global_colors_info=&#8221;{}&#8221;]<p style=\"text-align: center\"><strong>Alegoria 01<\/strong><br \/>Mar de Lamentos e dor (Navio Negreiro)<\/p>\n<div id=\"gtx-trans\">\n<div class=\"gtx-trans-icon\"><\/div>\n<\/div>[\/et_pb_text][\/et_pb_column][\/et_pb_row][et_pb_row _builder_version=&#8221;4.9.7&#8243; _module_preset=&#8221;default&#8221; global_colors_info=&#8221;{}&#8221;][et_pb_column type=&#8221;4_4&#8243; _builder_version=&#8221;4.9.7&#8243; _module_preset=&#8221;default&#8221; global_colors_info=&#8221;{}&#8221;][et_pb_image src=&#8221;https:\/\/carnavalvirtual.com.br\/passarela\/wp-content\/uploads\/2021\/10\/Ala-03-Negros-Escrevizados.jpg&#8221; title_text=&#8221;Ala-03-(Negros-Escrevizados)&#8221; _builder_version=&#8221;4.10.7&#8243; _module_preset=&#8221;default&#8221; custom_margin=&#8221;|||38px|false|false&#8221; global_colors_info=&#8221;{}&#8221;][\/et_pb_image][et_pb_text _builder_version=&#8221;4.9.7&#8243; _module_preset=&#8221;default&#8221; custom_margin=&#8221;|||38px|false|false&#8221; global_colors_info=&#8221;{}&#8221;]<p style=\"text-align: center\"><strong>Ala 03<\/strong><br \/>Negros Escravizados.<\/p>[\/et_pb_text][\/et_pb_column][\/et_pb_row][et_pb_row _builder_version=&#8221;4.9.7&#8243; _module_preset=&#8221;default&#8221; global_colors_info=&#8221;{}&#8221;][et_pb_column type=&#8221;4_4&#8243; _builder_version=&#8221;4.9.7&#8243; _module_preset=&#8221;default&#8221; global_colors_info=&#8221;{}&#8221;][et_pb_image src=&#8221;https:\/\/carnavalvirtual.com.br\/passarela\/wp-content\/uploads\/2021\/08\/Ala-02-Passistas-Festa-da-Aldeia.jpg&#8221; title_text=&#8221;Ala-02&#8212;Passistas-(Festa-da-Aldeia)&#8221; _builder_version=&#8221;4.9.7&#8243; _module_preset=&#8221;default&#8221; custom_margin=&#8221;|||38px|false|false&#8221; global_colors_info=&#8221;{}&#8221;][\/et_pb_image][et_pb_text _builder_version=&#8221;4.9.7&#8243; _module_preset=&#8221;default&#8221; custom_margin=&#8221;|||38px|false|false&#8221; global_colors_info=&#8221;{}&#8221;]<p style=\"text-align: center\"><strong>Ala 02 (Passistas)<\/strong><br \/>Festa da Aldeia &#8220;Bantu&#8221;.<\/p>[\/et_pb_text][\/et_pb_column][\/et_pb_row][et_pb_row _builder_version=&#8221;4.9.7&#8243; _module_preset=&#8221;default&#8221; global_colors_info=&#8221;{}&#8221;][et_pb_column type=&#8221;4_4&#8243; _builder_version=&#8221;4.9.7&#8243; _module_preset=&#8221;default&#8221; global_colors_info=&#8221;{}&#8221;][et_pb_image src=&#8221;https:\/\/carnavalvirtual.com.br\/passarela\/wp-content\/uploads\/2021\/08\/Ala-01-Velha-Guarda-Rei-e-Rainha-do-Congo.jpg&#8221; title_text=&#8221;Ala-01&#8212;Velha-Guarda-(Rei-e-Rainha-do-Congo)&#8221; _builder_version=&#8221;4.9.7&#8243; _module_preset=&#8221;default&#8221; custom_margin=&#8221;|||38px|false|false&#8221; global_colors_info=&#8221;{}&#8221;][\/et_pb_image][et_pb_text _builder_version=&#8221;4.9.7&#8243; _module_preset=&#8221;default&#8221; global_colors_info=&#8221;{}&#8221;]<p style=\"text-align: center\"><strong>Ala 01 (Velha Guarda)<\/strong><br \/>Rei e Rainha do Congo.<\/p>[\/et_pb_text][\/et_pb_column][\/et_pb_row][et_pb_row _builder_version=&#8221;4.9.7&#8243; _module_preset=&#8221;default&#8221; global_colors_info=&#8221;{}&#8221;][et_pb_column type=&#8221;4_4&#8243; _builder_version=&#8221;4.9.7&#8243; _module_preset=&#8221;default&#8221; global_colors_info=&#8221;{}&#8221;][et_pb_image src=&#8221;https:\/\/carnavalvirtual.com.br\/passarela\/wp-content\/uploads\/2021\/11\/1o-Casal-de-MS-e-PB-Primavera.jpg&#8221; title_text=&#8221;1\u00ba-Casal-de-MS-e-PB&#8212;Primavera&#8221; align=&#8221;center&#8221; _builder_version=&#8221;4.10.7&#8243; _module_preset=&#8221;default&#8221; global_colors_info=&#8221;{}&#8221;][\/et_pb_image][et_pb_text _builder_version=&#8221;4.10.7&#8243; _module_preset=&#8221;default&#8221; global_colors_info=&#8221;{}&#8221;]<p style=\"text-align: center\"><strong>Primeiro Casal de Mestre Sala e Porta Bandeira<\/strong><br \/>Energia Vibrat\u00f3ria positiva da luz do sol da Negra \u00c1frica<\/p>\n<p style=\"text-align: center\"><strong>Guardi\u00f5es do Casal<\/strong><br \/>A For\u00e7a de \u00c1frica<\/p>[\/et_pb_text][et_pb_image src=&#8221;https:\/\/carnavalvirtual.com.br\/passarela\/wp-content\/uploads\/2021\/11\/Comissao-de-Frente-Anastacia.gif&#8221; title_text=&#8221;Comiss\u00e3o-de-Frente&#8212;An\u00e1st\u00e1cia&#8221; align=&#8221;center&#8221; _builder_version=&#8221;4.10.7&#8243; _module_preset=&#8221;default&#8221; global_colors_info=&#8221;{}&#8221;][\/et_pb_image][et_pb_text _builder_version=&#8221;4.10.7&#8243; _module_preset=&#8221;default&#8221; global_colors_info=&#8221;{}&#8221;]<p style=\"text-align: center\"><strong>Comiss\u00e3o de Frente<\/strong><br \/>A beleza da mulher negra<\/p>[\/et_pb_text][\/et_pb_column][\/et_pb_row][et_pb_row _builder_version=&#8221;4.10.7&#8243; _module_preset=&#8221;default&#8221;][et_pb_column _builder_version=&#8221;4.10.7&#8243; _module_preset=&#8221;default&#8221; type=&#8221;4_4&#8243;][et_pb_image _builder_version=&#8221;4.10.7&#8243; _module_preset=&#8221;default&#8221; title_text=&#8221;17 &#8211; Primavera&#8221; src=&#8221;https:\/\/carnavalvirtual.com.br\/passarela\/wp-content\/uploads\/2021\/11\/17-Primavera.gif&#8221; align=&#8221;center&#8221; hover_enabled=&#8221;0&#8243; sticky_enabled=&#8221;0&#8243;][\/et_pb_image][\/et_pb_column][\/et_pb_row][et_pb_row _builder_version=&#8221;4.10.7&#8243; _module_preset=&#8221;default&#8221; hover_enabled=&#8221;0&#8243; sticky_enabled=&#8221;0&#8243;][et_pb_column _builder_version=&#8221;4.10.7&#8243; _module_preset=&#8221;default&#8221; type=&#8221;4_4&#8243;][et_pb_image _builder_version=&#8221;4.10.7&#8243; _module_preset=&#8221;default&#8221; title_text=&#8221;organograma&#8221; src=&#8221;https:\/\/carnavalvirtual.com.br\/passarela\/wp-content\/uploads\/2021\/11\/organograma.png&#8221; url=&#8221;https:\/\/drive.google.com\/file\/d\/1OL2IDikMkYsMZzIQvNKR3XLZEpwEg8Ka\/view?usp=sharing&#8221; url_new_window=&#8221;on&#8221; align=&#8221;center&#8221; hover_enabled=&#8221;0&#8243; sticky_enabled=&#8221;0&#8243;][\/et_pb_image][\/et_pb_column][\/et_pb_row][et_pb_row _builder_version=&#8221;4.10.7&#8243; _module_preset=&#8221;default&#8221; hover_enabled=&#8221;0&#8243; sticky_enabled=&#8221;0&#8243;][et_pb_column _builder_version=&#8221;4.10.7&#8243; _module_preset=&#8221;default&#8221; type=&#8221;4_4&#8243;][et_pb_image _builder_version=&#8221;4.10.7&#8243; _module_preset=&#8221;default&#8221; align=&#8221;center&#8221; hover_enabled=&#8221;0&#8243; sticky_enabled=&#8221;0&#8243;][\/et_pb_image][\/et_pb_column][\/et_pb_row][et_pb_row _builder_version=&#8221;4.10.7&#8243; _module_preset=&#8221;default&#8221;][et_pb_column _builder_version=&#8221;4.10.7&#8243; _module_preset=&#8221;default&#8221; type=&#8221;4_4&#8243;][et_pb_image _builder_version=&#8221;4.10.7&#8243; _module_preset=&#8221;default&#8221; title_text=&#8221;ARQUIBANCADA VIR&#8221; src=&#8221;https:\/\/carnavalvirtual.com.br\/passarela\/wp-content\/uploads\/2021\/11\/ARQUIBANCADA-VIR.png&#8221; url=&#8221;https:\/\/chat.whatsapp.com\/DlEY0gXQfdPHoNJonAb2I2 &#8221; url_new_window=&#8221;on&#8221; align=&#8221;center&#8221; hover_enabled=&#8221;0&#8243; sticky_enabled=&#8221;0&#8243;][\/et_pb_image][\/et_pb_column][\/et_pb_row][\/et_pb_section]\n","protected":false},"excerpt":{"rendered":"<p>Ala 14 (Bateria)Punho cerrado, somos resist\u00eancia. Rainha de BateriaA For\u00e7a da Negra MulherCarro 03O Florescer da voz na esperan\u00e7a que voa na for\u00e7a das asas do Gavi\u00e3o Encantado.Ala 13&#8243;Grito de Liberdade onde a uni\u00e3o faz a for\u00e7a&#8221;. Somos todas Anast\u00e1cias!Ala 12 (Baianinhas)Lei Maria da Penha Segundo Casal de Mestre Sala e Porta BandeiraPoder Feminino Ala [&hellip;]<\/p>\n","protected":false},"author":74,"featured_media":0,"parent":0,"menu_order":0,"comment_status":"closed","ping_status":"closed","template":"","meta":{"_et_pb_use_builder":"on","_et_pb_old_content":"","_et_gb_content_width":""},"_links":{"self":[{"href":"https:\/\/carnavalvirtual.com.br\/passarela\/wp-json\/wp\/v2\/pages\/1004"}],"collection":[{"href":"https:\/\/carnavalvirtual.com.br\/passarela\/wp-json\/wp\/v2\/pages"}],"about":[{"href":"https:\/\/carnavalvirtual.com.br\/passarela\/wp-json\/wp\/v2\/types\/page"}],"author":[{"embeddable":true,"href":"https:\/\/carnavalvirtual.com.br\/passarela\/wp-json\/wp\/v2\/users\/74"}],"replies":[{"embeddable":true,"href":"https:\/\/carnavalvirtual.com.br\/passarela\/wp-json\/wp\/v2\/comments?post=1004"}],"version-history":[{"count":60,"href":"https:\/\/carnavalvirtual.com.br\/passarela\/wp-json\/wp\/v2\/pages\/1004\/revisions"}],"predecessor-version":[{"id":5555,"href":"https:\/\/carnavalvirtual.com.br\/passarela\/wp-json\/wp\/v2\/pages\/1004\/revisions\/5555"}],"wp:attachment":[{"href":"https:\/\/carnavalvirtual.com.br\/passarela\/wp-json\/wp\/v2\/media?parent=1004"}],"curies":[{"name":"wp","href":"https:\/\/api.w.org\/{rel}","templated":true}]}}