{"id":891,"date":"2021-07-05T18:24:13","date_gmt":"2021-07-05T21:24:13","guid":{"rendered":"http:\/\/passarela.carnavalvirtual.com.br\/?page_id=891"},"modified":"2021-11-27T02:55:30","modified_gmt":"2021-11-27T05:55:30","slug":"2021-grupo-especial-imperio-do-rio-belo","status":"publish","type":"page","link":"https:\/\/carnavalvirtual.com.br\/passarela\/2021-grupo-especial-imperio-do-rio-belo\/","title":{"rendered":"2021 \u2013 Grupo Especial \u2013 Imp\u00e9rio do Rio Belo"},"content":{"rendered":"\n[et_pb_section fb_built=&#8221;1&#8243; _builder_version=&#8221;4.10.7&#8243; _module_preset=&#8221;default&#8221; background_image=&#8221;https:\/\/carnavalvirtual.com.br\/passarela\/wp-content\/uploads\/2021\/11\/Arquibancada.gif&#8221; background_size=&#8221;initial&#8221; background_repeat=&#8221;repeat-y&#8221; custom_padding=&#8221;|0px||||&#8221; hover_enabled=&#8221;0&#8243; global_colors_info=&#8221;{}&#8221; title_text=&#8221;Arquibancada&#8221; sticky_enabled=&#8221;0&#8243;][et_pb_row _builder_version=&#8221;4.9.7&#8243; _module_preset=&#8221;default&#8221; global_colors_info=&#8221;{}&#8221;][et_pb_column type=&#8221;4_4&#8243; _builder_version=&#8221;4.9.7&#8243; _module_preset=&#8221;default&#8221; global_colors_info=&#8221;{}&#8221;][et_pb_image src=&#8221;https:\/\/carnavalvirtual.com.br\/passarela\/wp-content\/uploads\/2021\/11\/Hoje-quem-batalha-a-seu-favor.png&#8221; title_text=&#8221;Hoje quem batalha a seu favor&#8221; align=&#8221;center&#8221; _builder_version=&#8221;4.10.7&#8243; _module_preset=&#8221;default&#8221; global_colors_info=&#8221;{}&#8221;][\/et_pb_image][et_pb_text _builder_version=&#8221;4.10.7&#8243; _module_preset=&#8221;default&#8221; global_colors_info=&#8221;{}&#8221;]<p style=\"text-align: center\">Ala 22 &#8211; Hoje Quem Batalha A Seu Favor<\/p>[\/et_pb_text][\/et_pb_column][\/et_pb_row][et_pb_row _builder_version=&#8221;4.9.7&#8243; _module_preset=&#8221;default&#8221; global_colors_info=&#8221;{}&#8221;][et_pb_column type=&#8221;4_4&#8243; _builder_version=&#8221;4.9.7&#8243; _module_preset=&#8221;default&#8221; global_colors_info=&#8221;{}&#8221;][et_pb_image src=&#8221;https:\/\/carnavalvirtual.com.br\/passarela\/wp-content\/uploads\/2021\/11\/Sem-Titulo-2.png&#8221; title_text=&#8221;Sem T\u00edtulo-2&#8243; align=&#8221;center&#8221; _builder_version=&#8221;4.10.7&#8243; _module_preset=&#8221;default&#8221; global_colors_info=&#8221;{}&#8221;][\/et_pb_image][et_pb_text _builder_version=&#8221;4.10.7&#8243; _module_preset=&#8221;default&#8221; global_colors_info=&#8221;{}&#8221;]<p style=\"text-align: center\">Ala 21 &#8211; Caymmi Lhe Deu R\u00e9gua E Compasso<\/p>\n<p style=\"text-align: center\">Setor 5: Gil Ocupa O Palco &#8211; Buda Nag\u00f4 Reconhece Buda Nag\u00f4<\/p>\n<p style=\"text-align: center\">[\/et_pb_text][\/et_pb_column][\/et_pb_row][et_pb_row _builder_version=&#8221;4.9.7&#8243; _module_preset=&#8221;default&#8221; global_colors_info=&#8221;{}&#8221;][et_pb_column type=&#8221;4_4&#8243; _builder_version=&#8221;4.9.7&#8243; _module_preset=&#8221;default&#8221; global_colors_info=&#8221;{}&#8221;][et_pb_image src=&#8221;https:\/\/carnavalvirtual.com.br\/passarela\/wp-content\/uploads\/2021\/11\/Ala20-Carro4.png&#8221; title_text=&#8221;Ala20 + Carro4&#8243; align=&#8221;center&#8221; _builder_version=&#8221;4.10.7&#8243; _module_preset=&#8221;default&#8221; global_colors_info=&#8221;{}&#8221;][\/et_pb_image][et_pb_text _builder_version=&#8221;4.10.7&#8243; _module_preset=&#8221;default&#8221; global_colors_info=&#8221;{}&#8221;]<p style=\"text-align: center\">Ala 20 &#8211; Os Ministros Do Senhor Do Trov\u00e3o<\/p>\n<p style=\"text-align: center\">Carro 4 &#8211; Sob A Figueira Do Tempo, O Nirvana Do Buda Que \u00c9 Ob\u00e1<\/p>[\/et_pb_text][\/et_pb_column][\/et_pb_row][et_pb_row _builder_version=&#8221;4.9.7&#8243; _module_preset=&#8221;default&#8221; global_colors_info=&#8221;{}&#8221;][et_pb_column type=&#8221;4_4&#8243; _builder_version=&#8221;4.9.7&#8243; _module_preset=&#8221;default&#8221; global_colors_info=&#8221;{}&#8221;][et_pb_image src=&#8221;https:\/\/carnavalvirtual.com.br\/passarela\/wp-content\/uploads\/2021\/11\/Ala-19-1.png&#8221; title_text=&#8221;Ala 19&#8243; align=&#8221;center&#8221; _builder_version=&#8221;4.10.7&#8243; _module_preset=&#8221;default&#8221; global_colors_info=&#8221;{}&#8221;][\/et_pb_image][et_pb_text _builder_version=&#8221;4.10.7&#8243; _module_preset=&#8221;default&#8221; global_colors_info=&#8221;{}&#8221;]<p style=\"text-align: center\">Ala 19 &#8211; Cabe\u00e7a de Yemanj\u00e1 E Oxum<\/p>[\/et_pb_text][\/et_pb_column][\/et_pb_row][et_pb_row _builder_version=&#8221;4.9.7&#8243; _module_preset=&#8221;default&#8221; global_colors_info=&#8221;{}&#8221;][et_pb_column type=&#8221;4_4&#8243; _builder_version=&#8221;4.9.7&#8243; _module_preset=&#8221;default&#8221; global_colors_info=&#8221;{}&#8221;][et_pb_image src=&#8221;https:\/\/carnavalvirtual.com.br\/passarela\/wp-content\/uploads\/2021\/11\/Ala-18-4.png&#8221; title_text=&#8221;Ala 18&#8243; align=&#8221;center&#8221; _builder_version=&#8221;4.10.7&#8243; _module_preset=&#8221;default&#8221; global_colors_info=&#8221;{}&#8221;][\/et_pb_image][et_pb_text _builder_version=&#8221;4.10.7&#8243; _module_preset=&#8221;default&#8221; global_colors_info=&#8221;{}&#8221;]<p style=\"text-align: center\">Ala 18 &#8211; Cabe\u00e7a De Xang\u00f4 E Oxal\u00e1<\/p>[\/et_pb_text][\/et_pb_column][\/et_pb_row][et_pb_row _builder_version=&#8221;4.9.7&#8243; _module_preset=&#8221;default&#8221; global_colors_info=&#8221;{}&#8221;][et_pb_column type=&#8221;4_4&#8243; _builder_version=&#8221;4.9.7&#8243; _module_preset=&#8221;default&#8221; global_colors_info=&#8221;{}&#8221;][et_pb_image src=&#8221;https:\/\/carnavalvirtual.com.br\/passarela\/wp-content\/uploads\/2021\/11\/Ala-17-3.png&#8221; title_text=&#8221;Ala 17&#8243; align=&#8221;center&#8221; _builder_version=&#8221;4.10.7&#8243; _module_preset=&#8221;default&#8221; global_colors_info=&#8221;{}&#8221;][\/et_pb_image][et_pb_text _builder_version=&#8221;4.10.7&#8243; _module_preset=&#8221;default&#8221; global_colors_info=&#8221;{}&#8221;]<p style=\"text-align: center\">Ala 17 (Baianinhas) &#8211; M\u00e3es De Santo<\/p>[\/et_pb_text][\/et_pb_column][\/et_pb_row][et_pb_row _builder_version=&#8221;4.9.7&#8243; _module_preset=&#8221;default&#8221; global_colors_info=&#8221;{}&#8221;][et_pb_column type=&#8221;4_4&#8243; _builder_version=&#8221;4.9.7&#8243; _module_preset=&#8221;default&#8221; global_colors_info=&#8221;{}&#8221;][et_pb_image src=&#8221;https:\/\/carnavalvirtual.com.br\/passarela\/wp-content\/uploads\/2021\/11\/Ala-16-3.png&#8221; title_text=&#8221;Ala 16&#8243; align=&#8221;center&#8221; _builder_version=&#8221;4.10.7&#8243; _module_preset=&#8221;default&#8221; global_colors_info=&#8221;{}&#8221;][\/et_pb_image][et_pb_text _builder_version=&#8221;4.10.7&#8243; _module_preset=&#8221;default&#8221; global_colors_info=&#8221;{}&#8221;]<p style=\"text-align: center\">Ala 16 &#8211; Og\u00e3s<\/p>[\/et_pb_text][et_pb_text _builder_version=&#8221;4.10.7&#8243; _module_preset=&#8221;default&#8221; global_colors_info=&#8221;{}&#8221;]<p style=\"text-align: center\">Setor 4: A Espiritualidade Do S\u00e1bio &#8211; Deus De Muitos Deuses<\/p>[\/et_pb_text][\/et_pb_column][\/et_pb_row][et_pb_row _builder_version=&#8221;4.10.7&#8243; _module_preset=&#8221;default&#8221; global_colors_info=&#8221;{}&#8221;][et_pb_column type=&#8221;4_4&#8243; _builder_version=&#8221;4.9.7&#8243; _module_preset=&#8221;default&#8221; global_colors_info=&#8221;{}&#8221;][et_pb_image src=&#8221;https:\/\/carnavalvirtual.com.br\/passarela\/wp-content\/uploads\/2021\/11\/Ala15-Carro-3-1.png&#8221; title_text=&#8221;Ala15 + Carro 3&#8243; align=&#8221;center&#8221; _builder_version=&#8221;4.10.7&#8243; _module_preset=&#8221;default&#8221; global_colors_info=&#8221;{}&#8221;][\/et_pb_image][et_pb_text _builder_version=&#8221;4.10.7&#8243; _module_preset=&#8221;default&#8221; global_colors_info=&#8221;{}&#8221;]<p style=\"text-align: center\">Rei De Bateria (Leonardo Antan) &#8211; Entidade Bo\u00eamia<\/p>\n<p style=\"text-align: center\">Ala 15 (Bateria) &#8211; M\u00fasicos Da Noite Carioca<\/p>\n<p style=\"text-align: center\">Carro 3 &#8211; Templo Mundano &#8211; Iluminado Pela Energia Lunar<\/p>[\/et_pb_text][\/et_pb_column][\/et_pb_row][et_pb_row _builder_version=&#8221;4.9.7&#8243; _module_preset=&#8221;default&#8221; global_colors_info=&#8221;{}&#8221;][et_pb_column type=&#8221;4_4&#8243; _builder_version=&#8221;4.9.7&#8243; _module_preset=&#8221;default&#8221; global_colors_info=&#8221;{}&#8221;][et_pb_image src=&#8221;https:\/\/carnavalvirtual.com.br\/passarela\/wp-content\/uploads\/2021\/11\/Ala-14-12.png&#8221; title_text=&#8221;Ala 14&#8243; align=&#8221;center&#8221; _builder_version=&#8221;4.10.7&#8243; _module_preset=&#8221;default&#8221; global_colors_info=&#8221;{}&#8221;][\/et_pb_image][et_pb_text _builder_version=&#8221;4.10.7&#8243; _module_preset=&#8221;default&#8221; global_colors_info=&#8221;{}&#8221;]<p style=\"text-align: center\">Ala 14 (Passistas) &#8211; Todo Mundo Bole<\/p>[\/et_pb_text][\/et_pb_column][\/et_pb_row][et_pb_row _builder_version=&#8221;4.9.7&#8243; _module_preset=&#8221;default&#8221; global_colors_info=&#8221;{}&#8221;][et_pb_column type=&#8221;4_4&#8243; _builder_version=&#8221;4.9.7&#8243; _module_preset=&#8221;default&#8221; global_colors_info=&#8221;{}&#8221;][et_pb_image src=&#8221;https:\/\/carnavalvirtual.com.br\/passarela\/wp-content\/uploads\/2021\/11\/Ala-13-1.png&#8221; title_text=&#8221;Ala 13&#8243; align=&#8221;center&#8221; _builder_version=&#8221;4.10.7&#8243; _module_preset=&#8221;default&#8221; global_colors_info=&#8221;{}&#8221;][\/et_pb_image][et_pb_text _builder_version=&#8221;4.10.7&#8243; _module_preset=&#8221;default&#8221; global_colors_info=&#8221;{}&#8221;]<p style=\"text-align: center\">Ala 13 &#8211; Azes, Damas E Reis<\/p>[\/et_pb_text][\/et_pb_column][\/et_pb_row][et_pb_row _builder_version=&#8221;4.9.7&#8243; _module_preset=&#8221;default&#8221; global_colors_info=&#8221;{}&#8221;][et_pb_column type=&#8221;4_4&#8243; _builder_version=&#8221;4.9.7&#8243; _module_preset=&#8221;default&#8221; global_colors_info=&#8221;{}&#8221;][et_pb_image src=&#8221;https:\/\/carnavalvirtual.com.br\/passarela\/wp-content\/uploads\/2021\/11\/Ala-12-1.png&#8221; title_text=&#8221;Ala 12&#8243; align=&#8221;center&#8221; _builder_version=&#8221;4.10.7&#8243; _module_preset=&#8221;default&#8221; global_colors_info=&#8221;{}&#8221;][\/et_pb_image][et_pb_text _builder_version=&#8221;4.10.7&#8243; _module_preset=&#8221;default&#8221; global_colors_info=&#8221;{}&#8221;]<p style=\"text-align: center\">Ala 12 &#8211; Na Mesa De Um Bar<\/p>[\/et_pb_text][\/et_pb_column][\/et_pb_row][et_pb_row _builder_version=&#8221;4.9.7&#8243; _module_preset=&#8221;default&#8221; global_colors_info=&#8221;{}&#8221;][et_pb_column type=&#8221;4_4&#8243; _builder_version=&#8221;4.9.7&#8243; _module_preset=&#8221;default&#8221; global_colors_info=&#8221;{}&#8221;][et_pb_image src=&#8221;https:\/\/carnavalvirtual.com.br\/passarela\/wp-content\/uploads\/2021\/11\/Ala-11-2.png&#8221; title_text=&#8221;Ala 11&#8243; align=&#8221;center&#8221; _builder_version=&#8221;4.10.7&#8243; _module_preset=&#8221;default&#8221; global_colors_info=&#8221;{}&#8221;][\/et_pb_image][et_pb_text _builder_version=&#8221;4.10.7&#8243; _module_preset=&#8221;default&#8221; global_colors_info=&#8221;{}&#8221;]<p style=\"text-align: center\">Ala 11 + Infl\u00e1veis &#8211; Beira-Mar De Copacabana<\/p>[\/et_pb_text][\/et_pb_column][\/et_pb_row][et_pb_row _builder_version=&#8221;4.9.7&#8243; _module_preset=&#8221;default&#8221; global_colors_info=&#8221;{}&#8221;][et_pb_column type=&#8221;4_4&#8243; _builder_version=&#8221;4.9.7&#8243; _module_preset=&#8221;default&#8221; global_colors_info=&#8221;{}&#8221;][et_pb_image src=&#8221;https:\/\/carnavalvirtual.com.br\/passarela\/wp-content\/uploads\/2021\/11\/Ala-10-Tripe1-2.png&#8221; title_text=&#8221;Ala 10 + Trip\u00e91&#8243; align=&#8221;center&#8221; _builder_version=&#8221;4.10.7&#8243; _module_preset=&#8221;default&#8221; global_colors_info=&#8221;{}&#8221;][\/et_pb_image][et_pb_text _builder_version=&#8221;4.10.7&#8243; _module_preset=&#8221;default&#8221; global_colors_info=&#8221;{}&#8221;]<p style=\"text-align: center\">Ala 10 &#8211; Andan\u00e7as No Alto Sert\u00e3o<\/p>\n<p style=\"text-align: center\">Trip\u00e9 1 &#8211; Fiz Uma Viagem<\/p>[\/et_pb_text][\/et_pb_column][\/et_pb_row][et_pb_row _builder_version=&#8221;4.9.7&#8243; _module_preset=&#8221;default&#8221; global_colors_info=&#8221;{}&#8221;][et_pb_column type=&#8221;4_4&#8243; _builder_version=&#8221;4.9.7&#8243; _module_preset=&#8221;default&#8221; global_colors_info=&#8221;{}&#8221;][et_pb_image src=&#8221;https:\/\/carnavalvirtual.com.br\/passarela\/wp-content\/uploads\/2021\/11\/Ala-9.png&#8221; title_text=&#8221;Ala 9&#8243; align=&#8221;center&#8221; _builder_version=&#8221;4.10.7&#8243; _module_preset=&#8221;default&#8221; global_colors_info=&#8221;{}&#8221;][\/et_pb_image][et_pb_text _builder_version=&#8221;4.10.7&#8243; _module_preset=&#8221;default&#8221; global_colors_info=&#8221;{}&#8221;]<p style=\"text-align: center\">Ala 9 (Velha-Guarda) &#8211; Consci\u00eancia De Retirantes<\/p>[\/et_pb_text][\/et_pb_column][\/et_pb_row][et_pb_row _builder_version=&#8221;4.9.7&#8243; _module_preset=&#8221;default&#8221; global_colors_info=&#8221;{}&#8221;][et_pb_column type=&#8221;4_4&#8243; _builder_version=&#8221;4.9.7&#8243; _module_preset=&#8221;default&#8221; global_colors_info=&#8221;{}&#8221;][et_pb_image src=&#8221;https:\/\/carnavalvirtual.com.br\/passarela\/wp-content\/uploads\/2021\/11\/Ala-8.png&#8221; title_text=&#8221;Ala 8&#8243; align=&#8221;center&#8221; _builder_version=&#8221;4.10.7&#8243; _module_preset=&#8221;default&#8221; global_colors_info=&#8221;{}&#8221;][\/et_pb_image][et_pb_text _builder_version=&#8221;4.10.7&#8243; _module_preset=&#8221;default&#8221; global_colors_info=&#8221;{}&#8221;]<p style=\"text-align: center\">Ala 8 &#8211; Jardim De Alah<\/p>[\/et_pb_text][\/et_pb_column][\/et_pb_row][et_pb_row _builder_version=&#8221;4.9.7&#8243; _module_preset=&#8221;default&#8221; global_colors_info=&#8221;{}&#8221;][et_pb_column type=&#8221;4_4&#8243; _builder_version=&#8221;4.9.7&#8243; _module_preset=&#8221;default&#8221; global_colors_info=&#8221;{}&#8221;][et_pb_image src=&#8221;https:\/\/carnavalvirtual.com.br\/passarela\/wp-content\/uploads\/2021\/11\/Ala-7.png&#8221; title_text=&#8221;Ala 7&#8243; align=&#8221;center&#8221; _builder_version=&#8221;4.10.7&#8243; _module_preset=&#8221;default&#8221; global_colors_info=&#8221;{}&#8221;][\/et_pb_image][et_pb_text _builder_version=&#8221;4.10.7&#8243; _module_preset=&#8221;default&#8221; global_colors_info=&#8221;{}&#8221;]<p style=\"text-align: center\">Ala 7 &#8211; O Sol Da Arma\u00e7\u00e3o<\/p>[\/et_pb_text][et_pb_text _builder_version=&#8221;4.10.7&#8243; _module_preset=&#8221;default&#8221; global_colors_info=&#8221;{}&#8221;]<p style=\"text-align: center\">Setor 3: Caminhos De Ilumina\u00e7\u00e3o &#8211; A Peregrina\u00e7\u00e3o Do Buda Nag\u00f4<\/p>[\/et_pb_text][\/et_pb_column][\/et_pb_row][et_pb_row _builder_version=&#8221;4.9.7&#8243; _module_preset=&#8221;default&#8221; global_colors_info=&#8221;{}&#8221;][et_pb_column type=&#8221;4_4&#8243; _builder_version=&#8221;4.9.7&#8243; _module_preset=&#8221;default&#8221; global_colors_info=&#8221;{}&#8221;][et_pb_image src=&#8221;https:\/\/carnavalvirtual.com.br\/passarela\/wp-content\/uploads\/2021\/11\/Ala-6-Carro2-2.png&#8221; title_text=&#8221;Ala 6 + Carro2&#8243; align=&#8221;center&#8221; _builder_version=&#8221;4.10.7&#8243; _module_preset=&#8221;default&#8221; global_colors_info=&#8221;{}&#8221;][\/et_pb_image][et_pb_text _builder_version=&#8221;4.10.7&#8243; _module_preset=&#8221;default&#8221; global_colors_info=&#8221;{}&#8221;]<p style=\"text-align: center\">Ala 6 &#8211; Saudades De Itapo\u00e3<\/p>\n<p style=\"text-align: center\">Alegoria 2 &#8211; Dorival \u00c9 O Mar Que Canta E Medita<\/p>[\/et_pb_text][\/et_pb_column][\/et_pb_row][et_pb_row _builder_version=&#8221;4.9.7&#8243; _module_preset=&#8221;default&#8221; global_colors_info=&#8221;{}&#8221;][et_pb_column type=&#8221;4_4&#8243; _builder_version=&#8221;4.9.7&#8243; _module_preset=&#8221;default&#8221; global_colors_info=&#8221;{}&#8221;][et_pb_image src=&#8221;https:\/\/carnavalvirtual.com.br\/passarela\/wp-content\/uploads\/2021\/11\/Ala-5.png&#8221; title_text=&#8221;Ala 5&#8243; align=&#8221;center&#8221; _builder_version=&#8221;4.10.7&#8243; _module_preset=&#8221;default&#8221; global_colors_info=&#8221;{}&#8221;][\/et_pb_image][et_pb_text _builder_version=&#8221;4.10.7&#8243; _module_preset=&#8221;default&#8221; global_colors_info=&#8221;{}&#8221;]<p style=\"text-align: center\">Ala 5 &#8211; Lavadeiras Nas \u00c1guas Do Abaet\u00e9<\/p>[\/et_pb_text][\/et_pb_column][\/et_pb_row][et_pb_row _builder_version=&#8221;4.9.7&#8243; _module_preset=&#8221;default&#8221; global_colors_info=&#8221;{}&#8221;][et_pb_column type=&#8221;4_4&#8243; _builder_version=&#8221;4.9.7&#8243; _module_preset=&#8221;default&#8221; global_colors_info=&#8221;{}&#8221;][et_pb_image src=&#8221;https:\/\/carnavalvirtual.com.br\/passarela\/wp-content\/uploads\/2021\/11\/Ala-4.png&#8221; title_text=&#8221;Ala 4&#8243; align=&#8221;center&#8221; _builder_version=&#8221;4.10.7&#8243; _module_preset=&#8221;default&#8221; global_colors_info=&#8221;{}&#8221;][\/et_pb_image][et_pb_text _builder_version=&#8221;4.10.7&#8243; _module_preset=&#8221;default&#8221; global_colors_info=&#8221;{}&#8221;]<p style=\"text-align: center\">Ala 4 &#8211; Gente De Pesca<\/p>[\/et_pb_text][\/et_pb_column][\/et_pb_row][et_pb_row _builder_version=&#8221;4.9.7&#8243; _module_preset=&#8221;default&#8221; global_colors_info=&#8221;{}&#8221;][et_pb_column type=&#8221;4_4&#8243; _builder_version=&#8221;4.9.7&#8243; _module_preset=&#8221;default&#8221; global_colors_info=&#8221;{}&#8221;][et_pb_image src=&#8221;https:\/\/carnavalvirtual.com.br\/passarela\/wp-content\/uploads\/2021\/11\/Ala-3.png&#8221; title_text=&#8221;Ala 3&#8243; align=&#8221;center&#8221; _builder_version=&#8221;4.10.7&#8243; _module_preset=&#8221;default&#8221; global_colors_info=&#8221;{}&#8221;][\/et_pb_image][et_pb_text _builder_version=&#8221;4.10.7&#8243; _module_preset=&#8221;default&#8221; global_colors_info=&#8221;{}&#8221;]<p style=\"text-align: center\">Ala 3 &#8211; Ondas Das Can\u00e7\u00f5es Praieiras<\/p>[\/et_pb_text][et_pb_text _builder_version=&#8221;4.10.7&#8243; _module_preset=&#8221;default&#8221; global_colors_info=&#8221;{}&#8221;]<p style=\"text-align: center\">Setor 2: A Mente Como O Mar &#8211; O Princ\u00edpio Da Serenidade<\/p>[\/et_pb_text][\/et_pb_column][\/et_pb_row][et_pb_row _builder_version=&#8221;4.9.7&#8243; _module_preset=&#8221;default&#8221; global_colors_info=&#8221;{}&#8221;][et_pb_column type=&#8221;4_4&#8243; _builder_version=&#8221;4.9.7&#8243; _module_preset=&#8221;default&#8221; global_colors_info=&#8221;{}&#8221;][et_pb_image src=&#8221;https:\/\/carnavalvirtual.com.br\/passarela\/wp-content\/uploads\/2021\/11\/Guardioes-Casal-e-Abre-Alas.png&#8221; title_text=&#8221;Guardi\u00f5es, Casal e Abre Alas&#8221; align=&#8221;center&#8221; _builder_version=&#8221;4.10.7&#8243; _module_preset=&#8221;default&#8221; global_colors_info=&#8221;{}&#8221;][\/et_pb_image][et_pb_text _builder_version=&#8221;4.10.7&#8243; _module_preset=&#8221;default&#8221; global_colors_info=&#8221;{}&#8221;]<p style=\"text-align: center\">Guardi\u00f5es &#8211; Sinos De L\u00e1 Que Balan\u00e7am De C\u00e1<\/p>\n<p style=\"text-align: center\">Casal de Mestre-Sala e Porta-Bandeira &#8211; Buda (Encontra) Nag\u00f4<\/p>\n<p style=\"text-align: center\">Alegoria 1 (Abre-Alas) &#8211; Imergimos No Universo<\/p>[\/et_pb_text][\/et_pb_column][\/et_pb_row][et_pb_row _builder_version=&#8221;4.9.7&#8243; _module_preset=&#8221;default&#8221; global_colors_info=&#8221;{}&#8221;][et_pb_column type=&#8221;4_4&#8243; _builder_version=&#8221;4.9.7&#8243; _module_preset=&#8221;default&#8221; global_colors_info=&#8221;{}&#8221;][et_pb_image src=&#8221;https:\/\/carnavalvirtual.com.br\/passarela\/wp-content\/uploads\/2021\/11\/Ala-2.png&#8221; title_text=&#8221;Ala 2&#8243; align=&#8221;center&#8221; _builder_version=&#8221;4.10.7&#8243; _module_preset=&#8221;default&#8221; global_colors_info=&#8221;{}&#8221;][\/et_pb_image][et_pb_text _builder_version=&#8221;4.10.7&#8243; _module_preset=&#8221;default&#8221; global_colors_info=&#8221;{}&#8221;]<p style=\"text-align: center\">Ala 2 (Baianas) &#8211; O que \u00e9 que Buda Nag\u00f4 tem?<\/p>[\/et_pb_text][\/et_pb_column][\/et_pb_row][et_pb_row _builder_version=&#8221;4.10.7&#8243; _module_preset=&#8221;default&#8221; global_colors_info=&#8221;{}&#8221;][et_pb_column type=&#8221;4_4&#8243; _builder_version=&#8221;4.9.7&#8243; _module_preset=&#8221;default&#8221; global_colors_info=&#8221;{}&#8221;][et_pb_image src=&#8221;https:\/\/carnavalvirtual.com.br\/passarela\/wp-content\/uploads\/2021\/10\/Ala-1_AGORASIM.png&#8221; title_text=&#8221;Ala 1_AGORASIM&#8221; align=&#8221;center&#8221; _builder_version=&#8221;4.10.7&#8243; _module_preset=&#8221;default&#8221; global_colors_info=&#8221;{}&#8221;][\/et_pb_image][et_pb_text _builder_version=&#8221;4.10.7&#8243; _module_preset=&#8221;default&#8221; global_colors_info=&#8221;{}&#8221;]<p style=\"text-align: center\">Ala 1 &#8211; Os Iniciados<\/p>[\/et_pb_text][\/et_pb_column][\/et_pb_row][et_pb_row _builder_version=&#8221;4.10.7&#8243; _module_preset=&#8221;default&#8221; global_colors_info=&#8221;{}&#8221;][et_pb_column type=&#8221;4_4&#8243; _builder_version=&#8221;4.9.7&#8243; _module_preset=&#8221;default&#8221; global_colors_info=&#8221;{}&#8221;][et_pb_image src=&#8221;https:\/\/carnavalvirtual.com.br\/passarela\/wp-content\/uploads\/2021\/11\/Comissao-De-Frente-Buda-Nago.png&#8221; title_text=&#8221;Comiss\u00e3o De Frente-Buda Nag\u00f4&#8221; align=&#8221;center&#8221; _builder_version=&#8221;4.10.7&#8243; _module_preset=&#8221;default&#8221; global_colors_info=&#8221;{}&#8221;][\/et_pb_image][et_pb_text _builder_version=&#8221;4.10.7&#8243; _module_preset=&#8221;default&#8221; global_colors_info=&#8221;{}&#8221;]<p style=\"text-align: center\">Comiss\u00e3o de Frente &#8211; Parabolicamar\u00e1: Vira Buda Vira Nag\u00f4<\/p>[\/et_pb_text][et_pb_text _builder_version=&#8221;4.10.7&#8243; _module_preset=&#8221;default&#8221; global_colors_info=&#8221;{}&#8221;]<p style=\"text-align: center\">Setor 1: Realidades Cruzadas &#8211; Sintonia Buda Nag\u00f4<\/p>[\/et_pb_text][\/et_pb_column][\/et_pb_row][et_pb_row _builder_version=&#8221;4.10.7&#8243; _module_preset=&#8221;default&#8221;][et_pb_column _builder_version=&#8221;4.10.7&#8243; _module_preset=&#8221;default&#8221; type=&#8221;4_4&#8243;][et_pb_image _builder_version=&#8221;4.10.7&#8243; _module_preset=&#8221;default&#8221; title_text=&#8221;RioBelo&#8221; src=&#8221;https:\/\/carnavalvirtual.com.br\/passarela\/wp-content\/uploads\/2021\/11\/RioBelo.gif&#8221; align=&#8221;center&#8221; hover_enabled=&#8221;0&#8243; sticky_enabled=&#8221;0&#8243;][\/et_pb_image][\/et_pb_column][\/et_pb_row][et_pb_row _builder_version=&#8221;4.10.7&#8243; _module_preset=&#8221;default&#8221;][et_pb_column _builder_version=&#8221;4.10.7&#8243; _module_preset=&#8221;default&#8221; type=&#8221;4_4&#8243;][et_pb_image _builder_version=&#8221;4.10.7&#8243; _module_preset=&#8221;default&#8221; title_text=&#8221;organograma&#8221; src=&#8221;https:\/\/carnavalvirtual.com.br\/passarela\/wp-content\/uploads\/2021\/11\/organograma.png&#8221; align=&#8221;center&#8221; url_new_window=&#8221;on&#8221; url=&#8221;https:\/\/drive.google.com\/file\/d\/1DIJnrsjFtzB2tJf5UOnTZ-ojHzi6GOe6\/view?usp=sharing &#8221; hover_enabled=&#8221;0&#8243; sticky_enabled=&#8221;0&#8243;][\/et_pb_image][\/et_pb_column][\/et_pb_row][et_pb_row _builder_version=&#8221;4.10.7&#8243; _module_preset=&#8221;default&#8221;][et_pb_column _builder_version=&#8221;4.10.7&#8243; _module_preset=&#8221;default&#8221; type=&#8221;4_4&#8243;][et_pb_image _builder_version=&#8221;4.10.7&#8243; _module_preset=&#8221;default&#8221; title_text=&#8221;ARQUIBANCADA VIR&#8221; src=&#8221;https:\/\/carnavalvirtual.com.br\/passarela\/wp-content\/uploads\/2021\/11\/ARQUIBANCADA-VIR.png&#8221; url_new_window=&#8221;on&#8221; url=&#8221;https:\/\/chat.whatsapp.com\/DlEY0gXQfdPHoNJonAb2I2 &#8221; align=&#8221;center&#8221; hover_enabled=&#8221;0&#8243; sticky_enabled=&#8221;0&#8243;][\/et_pb_image][\/et_pb_column][\/et_pb_row][\/et_pb_section]\n","protected":false},"excerpt":{"rendered":"<p>Ala 22 &#8211; Hoje Quem Batalha A Seu FavorAla 21 &#8211; Caymmi Lhe Deu R\u00e9gua E Compasso Setor 5: Gil Ocupa O Palco &#8211; Buda Nag\u00f4 Reconhece Buda Nag\u00f4 Ala 20 &#8211; Os Ministros Do Senhor Do Trov\u00e3o Carro 4 &#8211; Sob A Figueira Do Tempo, O Nirvana Do Buda Que \u00c9 Ob\u00e1Ala 19 &#8211; [&hellip;]<\/p>\n","protected":false},"author":9,"featured_media":0,"parent":0,"menu_order":0,"comment_status":"closed","ping_status":"closed","template":"","meta":{"_et_pb_use_builder":"on","_et_pb_old_content":"","_et_gb_content_width":""},"_links":{"self":[{"href":"https:\/\/carnavalvirtual.com.br\/passarela\/wp-json\/wp\/v2\/pages\/891"}],"collection":[{"href":"https:\/\/carnavalvirtual.com.br\/passarela\/wp-json\/wp\/v2\/pages"}],"about":[{"href":"https:\/\/carnavalvirtual.com.br\/passarela\/wp-json\/wp\/v2\/types\/page"}],"author":[{"embeddable":true,"href":"https:\/\/carnavalvirtual.com.br\/passarela\/wp-json\/wp\/v2\/users\/9"}],"replies":[{"embeddable":true,"href":"https:\/\/carnavalvirtual.com.br\/passarela\/wp-json\/wp\/v2\/comments?post=891"}],"version-history":[{"count":47,"href":"https:\/\/carnavalvirtual.com.br\/passarela\/wp-json\/wp\/v2\/pages\/891\/revisions"}],"predecessor-version":[{"id":6828,"href":"https:\/\/carnavalvirtual.com.br\/passarela\/wp-json\/wp\/v2\/pages\/891\/revisions\/6828"}],"wp:attachment":[{"href":"https:\/\/carnavalvirtual.com.br\/passarela\/wp-json\/wp\/v2\/media?parent=891"}],"curies":[{"name":"wp","href":"https:\/\/api.w.org\/{rel}","templated":true}]}}