{"id":945,"date":"2021-07-05T20:13:16","date_gmt":"2021-07-05T23:13:16","guid":{"rendered":"http:\/\/passarela.carnavalvirtual.com.br\/?page_id=945"},"modified":"2021-11-13T18:57:51","modified_gmt":"2021-11-13T21:57:51","slug":"2021-grupo-acesso-2-unidos-de-vila-betania","status":"publish","type":"page","link":"https:\/\/carnavalvirtual.com.br\/passarela\/2021-grupo-acesso-2-unidos-de-vila-betania\/","title":{"rendered":"\u2014 \u2014 18 \u2013 GRESV Unidos de Vila Bet\u00e2nia \u2013 Carnaval Virtual 2021"},"content":{"rendered":"\n[et_pb_section fb_built=&#8221;1&#8243; _builder_version=&#8221;4.10.7&#8243; _module_preset=&#8221;default&#8221; background_image=&#8221;https:\/\/carnavalvirtual.com.br\/passarela\/wp-content\/uploads\/2021\/11\/Arquibancada.gif&#8221; background_size=&#8221;initial&#8221; background_repeat=&#8221;repeat-y&#8221; hover_enabled=&#8221;0&#8243; global_colors_info=&#8221;{}&#8221; title_text=&#8221;Arquibancada&#8221; sticky_enabled=&#8221;0&#8243;][et_pb_row _builder_version=&#8221;4.9.7&#8243; _module_preset=&#8221;default&#8221; global_colors_info=&#8221;{}&#8221;][et_pb_column type=&#8221;4_4&#8243; _builder_version=&#8221;4.9.7&#8243; _module_preset=&#8221;default&#8221; global_colors_info=&#8221;{}&#8221;][et_pb_image src=&#8221;https:\/\/carnavalvirtual.com.br\/passarela\/wp-content\/uploads\/2021\/11\/ALA-15-scaled.jpg&#8221; title_text=&#8221;ALA 15&#8243; _builder_version=&#8221;4.10.7&#8243; _module_preset=&#8221;default&#8221; global_colors_info=&#8221;{}&#8221;][\/et_pb_image][\/et_pb_column][\/et_pb_row][et_pb_row _builder_version=&#8221;4.10.7&#8243; _module_preset=&#8221;default&#8221; global_colors_info=&#8221;{}&#8221;][et_pb_column type=&#8221;4_4&#8243; _builder_version=&#8221;4.10.7&#8243; _module_preset=&#8221;default&#8221; global_colors_info=&#8221;{}&#8221;][et_pb_text _builder_version=&#8221;4.10.7&#8243; _module_preset=&#8221;default&#8221; custom_padding=&#8221;16px||0px|||&#8221; global_colors_info=&#8221;{}&#8221;]<p style=\"text-align: center\"><strong>Ala 15<\/strong><br \/>Ogunh\u00ea Ogum &#8211; Bravo ao guerreiro.<\/p>[\/et_pb_text][\/et_pb_column][\/et_pb_row][et_pb_row _builder_version=&#8221;4.10.7&#8243; _module_preset=&#8221;default&#8221; global_colors_info=&#8221;{}&#8221;][et_pb_column type=&#8221;4_4&#8243; _builder_version=&#8221;4.10.7&#8243; _module_preset=&#8221;default&#8221; global_colors_info=&#8221;{}&#8221;][et_pb_image src=&#8221;https:\/\/carnavalvirtual.com.br\/passarela\/wp-content\/uploads\/2021\/11\/ALA-14-scaled.jpg&#8221; title_text=&#8221;ALA 14&#8243; _builder_version=&#8221;4.10.7&#8243; _module_preset=&#8221;default&#8221; global_colors_info=&#8221;{}&#8221;][\/et_pb_image][\/et_pb_column][\/et_pb_row][et_pb_row _builder_version=&#8221;4.10.7&#8243; _module_preset=&#8221;default&#8221; global_colors_info=&#8221;{}&#8221;][et_pb_column type=&#8221;4_4&#8243; _builder_version=&#8221;4.10.7&#8243; _module_preset=&#8221;default&#8221; global_colors_info=&#8221;{}&#8221;][et_pb_text _builder_version=&#8221;4.10.7&#8243; _module_preset=&#8221;default&#8221; global_colors_info=&#8221;{}&#8221;]<p style=\"text-align: center\"><strong>Ala 14<\/strong><br \/>Ka\u00f4 Kabiesil\u00e9 Xang\u00f4 &#8211; Senhor do fogo,trov\u00e3o e justi\u00e7a divina.<\/p>[\/et_pb_text][\/et_pb_column][\/et_pb_row][et_pb_row _builder_version=&#8221;4.10.7&#8243; _module_preset=&#8221;default&#8221; global_colors_info=&#8221;{}&#8221;][et_pb_column type=&#8221;4_4&#8243; _builder_version=&#8221;4.10.7&#8243; _module_preset=&#8221;default&#8221; global_colors_info=&#8221;{}&#8221;][et_pb_image src=&#8221;https:\/\/carnavalvirtual.com.br\/passarela\/wp-content\/uploads\/2021\/11\/WhatsApp_Image_2021-11-07_at_22.10.51__1___1_-removebg-preview-removebg-preview.png&#8221; title_text=&#8221;WhatsApp_Image_2021-11-07_at_22.10.51__1___1_-removebg-preview-removebg-preview&#8221; align=&#8221;center&#8221; _builder_version=&#8221;4.10.7&#8243; _module_preset=&#8221;default&#8221; global_colors_info=&#8221;{}&#8221;][\/et_pb_image][\/et_pb_column][\/et_pb_row][et_pb_row _builder_version=&#8221;4.10.7&#8243; _module_preset=&#8221;default&#8221; global_colors_info=&#8221;{}&#8221;][et_pb_column type=&#8221;4_4&#8243; _builder_version=&#8221;4.10.7&#8243; _module_preset=&#8221;default&#8221; global_colors_info=&#8221;{}&#8221;][et_pb_text _builder_version=&#8221;4.10.7&#8243; _module_preset=&#8221;default&#8221; global_colors_info=&#8221;{}&#8221;]<p style=\"text-align: center\"><strong>Trip\u00e9<\/strong> <br \/>Alafin de Oy\u00f3<\/p>[\/et_pb_text][\/et_pb_column][\/et_pb_row][et_pb_row _builder_version=&#8221;4.10.7&#8243; _module_preset=&#8221;default&#8221; global_colors_info=&#8221;{}&#8221;][et_pb_column type=&#8221;4_4&#8243; _builder_version=&#8221;4.10.7&#8243; _module_preset=&#8221;default&#8221; global_colors_info=&#8221;{}&#8221;][et_pb_image src=&#8221;https:\/\/carnavalvirtual.com.br\/passarela\/wp-content\/uploads\/2021\/11\/ALA-13-scaled.jpg&#8221; title_text=&#8221;ALA 13&#8243; _builder_version=&#8221;4.10.7&#8243; _module_preset=&#8221;default&#8221; global_colors_info=&#8221;{}&#8221;][\/et_pb_image][\/et_pb_column][\/et_pb_row][et_pb_row _builder_version=&#8221;4.10.7&#8243; _module_preset=&#8221;default&#8221; global_colors_info=&#8221;{}&#8221;][et_pb_column type=&#8221;4_4&#8243; _builder_version=&#8221;4.10.7&#8243; _module_preset=&#8221;default&#8221; global_colors_info=&#8221;{}&#8221;][et_pb_text _builder_version=&#8221;4.10.7&#8243; _module_preset=&#8221;default&#8221; global_colors_info=&#8221;{}&#8221;]<p style=\"text-align: center\"><strong>Ala 13<\/strong><br \/>Exu &#8211; O senhor dos caminhos e da faisca de Ib\u00e1<\/p>[\/et_pb_text][\/et_pb_column][\/et_pb_row][et_pb_row _builder_version=&#8221;4.10.7&#8243; _module_preset=&#8221;default&#8221; global_colors_info=&#8221;{}&#8221;][et_pb_column type=&#8221;4_4&#8243; _builder_version=&#8221;4.10.7&#8243; _module_preset=&#8221;default&#8221; global_colors_info=&#8221;{}&#8221;][et_pb_image src=&#8221;https:\/\/carnavalvirtual.com.br\/passarela\/wp-content\/uploads\/2021\/11\/ala-12-scaled.jpg&#8221; title_text=&#8221;ala 12&#8243; _builder_version=&#8221;4.10.7&#8243; _module_preset=&#8221;default&#8221; global_colors_info=&#8221;{}&#8221;][\/et_pb_image][\/et_pb_column][\/et_pb_row][et_pb_row _builder_version=&#8221;4.10.7&#8243; _module_preset=&#8221;default&#8221; global_colors_info=&#8221;{}&#8221;][et_pb_column type=&#8221;4_4&#8243; _builder_version=&#8221;4.10.7&#8243; _module_preset=&#8221;default&#8221; global_colors_info=&#8221;{}&#8221;][et_pb_text _builder_version=&#8221;4.10.7&#8243; _module_preset=&#8221;default&#8221; global_colors_info=&#8221;{}&#8221;]<p style=\"text-align: center\"><strong>Ala 12<\/strong><br \/>(Velha-guarda) Oxalufan &#8211; A magia ancestral.<\/p>[\/et_pb_text][\/et_pb_column][\/et_pb_row][et_pb_row _builder_version=&#8221;4.10.7&#8243; _module_preset=&#8221;default&#8221; global_colors_info=&#8221;{}&#8221;][et_pb_column type=&#8221;4_4&#8243; _builder_version=&#8221;4.10.7&#8243; _module_preset=&#8221;default&#8221; global_colors_info=&#8221;{}&#8221;][et_pb_image src=&#8221;https:\/\/carnavalvirtual.com.br\/passarela\/wp-content\/uploads\/2021\/11\/ala-11-Oxala-scaled.jpg&#8221; title_text=&#8221;ala 11 &#8211; Oxal\u00e1&#8221; _builder_version=&#8221;4.10.7&#8243; _module_preset=&#8221;default&#8221; global_colors_info=&#8221;{}&#8221;][\/et_pb_image][\/et_pb_column][\/et_pb_row][et_pb_row _builder_version=&#8221;4.10.7&#8243; _module_preset=&#8221;default&#8221; global_colors_info=&#8221;{}&#8221;][et_pb_column type=&#8221;4_4&#8243; _builder_version=&#8221;4.10.7&#8243; _module_preset=&#8221;default&#8221; global_colors_info=&#8221;{}&#8221;][et_pb_text _builder_version=&#8221;4.10.7&#8243; _module_preset=&#8221;default&#8221; custom_padding=&#8221;17px||0px|||&#8221; global_colors_info=&#8221;{}&#8221;]<p style=\"text-align: center\"><strong>Ala 11<\/strong><br \/>Xe\u00fa ep\u00e1 b\u00e0b\u00e1 &#8211; Salve o criador e senhor da paz.<\/p>[\/et_pb_text][\/et_pb_column][\/et_pb_row][et_pb_row _builder_version=&#8221;4.9.7&#8243; _module_preset=&#8221;default&#8221; global_colors_info=&#8221;{}&#8221;][et_pb_column type=&#8221;4_4&#8243; _builder_version=&#8221;4.9.7&#8243; _module_preset=&#8221;default&#8221; global_colors_info=&#8221;{}&#8221;][et_pb_text _builder_version=&#8221;4.10.7&#8243; _module_preset=&#8221;default&#8221; custom_padding=&#8221;51px||2px|||&#8221; global_colors_info=&#8221;{}&#8221;][\/et_pb_text][et_pb_image src=&#8221;https:\/\/carnavalvirtual.com.br\/passarela\/wp-content\/uploads\/2021\/11\/ala-10-scaled.jpg&#8221; title_text=&#8221;ala 10&#8243; _builder_version=&#8221;4.10.7&#8243; _module_preset=&#8221;default&#8221; global_colors_info=&#8221;{}&#8221;][\/et_pb_image][et_pb_text _builder_version=&#8221;4.10.7&#8243; _module_preset=&#8221;default&#8221; global_colors_info=&#8221;{}&#8221;]<p style=\"text-align: center\"><strong>Ala 10<\/strong><br \/>Eparrey Oy\u00e1 &#8211; Senhora dos ventos,raios e tempestades.<\/p>[\/et_pb_text][et_pb_image src=&#8221;https:\/\/carnavalvirtual.com.br\/passarela\/wp-content\/uploads\/2021\/11\/ala-09-scaled.jpg&#8221; title_text=&#8221;ala 09&#8243; _builder_version=&#8221;4.10.7&#8243; _module_preset=&#8221;default&#8221; global_colors_info=&#8221;{}&#8221;][\/et_pb_image][et_pb_text _builder_version=&#8221;4.10.7&#8243; _module_preset=&#8221;default&#8221; global_colors_info=&#8221;{}&#8221;]<p style=\"text-align: center\"><strong>Ala 09 &#8211; Bateria<\/strong><br \/>Ogans de Oy\u00e1<\/p>\n<p style=\"text-align: center\">Rainha de Bateria -Ians\u00e3- Senhora dos Raios<\/p>[\/et_pb_text][et_pb_image src=&#8221;https:\/\/carnavalvirtual.com.br\/passarela\/wp-content\/uploads\/2021\/11\/ala-08-Oxumare-scaled.jpg&#8221; title_text=&#8221;ala 08 &#8211; Oxumar\u00e9&#8221; _builder_version=&#8221;4.10.7&#8243; _module_preset=&#8221;default&#8221; global_colors_info=&#8221;{}&#8221;][\/et_pb_image][et_pb_text _builder_version=&#8221;4.10.7&#8243; _module_preset=&#8221;default&#8221; global_colors_info=&#8221;{}&#8221;]<p style=\"text-align: center\"><strong>Ala 08<\/strong><br \/>Arrobobo\u00ed Oxumar\u00e9\u00a0 -Salve o senhor do arco-\u00edris<\/p>[\/et_pb_text][et_pb_image src=&#8221;https:\/\/carnavalvirtual.com.br\/passarela\/wp-content\/uploads\/2021\/11\/ala-07-Oke-Aro-Oxossi-Salve-o-rei-das-matas-scaled.jpg&#8221; title_text=&#8221;ala 07 &#8211; Ok\u00ea Ar\u00f4 Ox\u00f3ssi &#8211; Salve o rei das matas&#8221; _builder_version=&#8221;4.10.7&#8243; _module_preset=&#8221;default&#8221; global_colors_info=&#8221;{}&#8221;][\/et_pb_image][et_pb_text _builder_version=&#8221;4.10.7&#8243; _module_preset=&#8221;default&#8221; global_colors_info=&#8221;{}&#8221;]<p style=\"text-align: center\"><strong>Ala 07<\/strong><br \/>Ok\u00ea Ar\u00f4 Ox\u00f3ssi &#8211; Salve o rei das matas.<\/p>[\/et_pb_text][et_pb_image src=&#8221;https:\/\/carnavalvirtual.com.br\/passarela\/wp-content\/uploads\/2021\/11\/ala-06-Ossaain-Senhor-das-Ervas-e-da-Cura-scaled.jpg&#8221; title_text=&#8221;ala 06 &#8211; Ossaain-Senhor das Ervas e da Cura&#8221; _builder_version=&#8221;4.10.7&#8243; _module_preset=&#8221;default&#8221; global_colors_info=&#8221;{}&#8221;][\/et_pb_image][et_pb_text _builder_version=&#8221;4.10.7&#8243; _module_preset=&#8221;default&#8221; min_height=&#8221;83px&#8221; custom_padding=&#8221;0px||10px|||&#8221; global_colors_info=&#8221;{}&#8221;]<p style=\"text-align: center\"><strong>Ala 06<\/strong><br \/>Ossaain-Senhor das Ervas e da Cura.<\/p>\n<div id=\"gtx-trans\">\n<div class=\"gtx-trans-icon\"><\/div>\n<\/div>[\/et_pb_text][\/et_pb_column][\/et_pb_row][et_pb_row _builder_version=&#8221;4.10.7&#8243; _module_preset=&#8221;default&#8221; global_colors_info=&#8221;{}&#8221;][et_pb_column type=&#8221;4_4&#8243; _builder_version=&#8221;4.10.7&#8243; _module_preset=&#8221;default&#8221; global_colors_info=&#8221;{}&#8221;][et_pb_image src=&#8221;https:\/\/carnavalvirtual.com.br\/passarela\/wp-content\/uploads\/2021\/11\/segundo-carro.png&#8221; title_text=&#8221;segundo carro&#8221; align=&#8221;center&#8221; _builder_version=&#8221;4.10.7&#8243; _module_preset=&#8221;default&#8221; global_colors_info=&#8221;{}&#8221;][\/et_pb_image][\/et_pb_column][\/et_pb_row][et_pb_row _builder_version=&#8221;4.10.7&#8243; _module_preset=&#8221;default&#8221; global_colors_info=&#8221;{}&#8221;][et_pb_column type=&#8221;4_4&#8243; _builder_version=&#8221;4.10.7&#8243; _module_preset=&#8221;default&#8221; global_colors_info=&#8221;{}&#8221;][et_pb_text _builder_version=&#8221;4.10.7&#8243; _module_preset=&#8221;default&#8221; global_colors_info=&#8221;{}&#8221;]<p style=\"text-align: center\"><strong>2 Carro<\/strong><br \/>O encanto e riquezas da terra e matas.<\/p>[\/et_pb_text][\/et_pb_column][\/et_pb_row][et_pb_row _builder_version=&#8221;4.10.7&#8243; _module_preset=&#8221;default&#8221; global_colors_info=&#8221;{}&#8221;][et_pb_column type=&#8221;4_4&#8243; _builder_version=&#8221;4.10.7&#8243; _module_preset=&#8221;default&#8221; global_colors_info=&#8221;{}&#8221;][et_pb_image src=&#8221;https:\/\/carnavalvirtual.com.br\/passarela\/wp-content\/uploads\/2021\/11\/2-casal-scaled.jpg&#8221; title_text=&#8221;2 casal&#8221; _builder_version=&#8221;4.10.7&#8243; _module_preset=&#8221;default&#8221; global_colors_info=&#8221;{}&#8221;][\/et_pb_image][\/et_pb_column][\/et_pb_row][et_pb_row _builder_version=&#8221;4.10.7&#8243; _module_preset=&#8221;default&#8221; global_colors_info=&#8221;{}&#8221;][et_pb_column type=&#8221;4_4&#8243; _builder_version=&#8221;4.10.7&#8243; _module_preset=&#8221;default&#8221; global_colors_info=&#8221;{}&#8221;][et_pb_text _builder_version=&#8221;4.10.7&#8243; _module_preset=&#8221;default&#8221; global_colors_info=&#8221;{}&#8221;]<p style=\"text-align: center\"><strong>2\u00b0Casal de M.S\/P.B<\/strong><br \/>Ossaian &#8211; O detentor \u00a0da cura de das ervas.<\/p>[\/et_pb_text][\/et_pb_column][\/et_pb_row][et_pb_row _builder_version=&#8221;4.10.7&#8243; _module_preset=&#8221;default&#8221; global_colors_info=&#8221;{}&#8221;][et_pb_column type=&#8221;4_4&#8243; _builder_version=&#8221;4.10.7&#8243; _module_preset=&#8221;default&#8221; global_colors_info=&#8221;{}&#8221;][et_pb_image src=&#8221;https:\/\/carnavalvirtual.com.br\/passarela\/wp-content\/uploads\/2021\/11\/ALA-05-scaled.jpg&#8221; title_text=&#8221;ALA 05&#8243; _builder_version=&#8221;4.10.7&#8243; _module_preset=&#8221;default&#8221; global_colors_info=&#8221;{}&#8221;][\/et_pb_image][\/et_pb_column][\/et_pb_row][et_pb_row _builder_version=&#8221;4.10.7&#8243; _module_preset=&#8221;default&#8221; global_colors_info=&#8221;{}&#8221;][et_pb_column type=&#8221;4_4&#8243; _builder_version=&#8221;4.10.7&#8243; _module_preset=&#8221;default&#8221; global_colors_info=&#8221;{}&#8221;][et_pb_text _builder_version=&#8221;4.10.7&#8243; _module_preset=&#8221;default&#8221; custom_padding=&#8221;22px|||||&#8221; global_colors_info=&#8221;{}&#8221;]<p style=\"text-align: center\"><strong>Ala 05 &#8211; Baianas<\/strong><br \/>M\u00e3es rezadeiras &#8211; Ew\u00e9 \u00f4 Ossaian.<\/p>[\/et_pb_text][\/et_pb_column][\/et_pb_row][et_pb_row _builder_version=&#8221;4.10.7&#8243; _module_preset=&#8221;default&#8221; global_colors_info=&#8221;{}&#8221;][et_pb_column type=&#8221;4_4&#8243; _builder_version=&#8221;4.10.7&#8243; _module_preset=&#8221;default&#8221; global_colors_info=&#8221;{}&#8221;][et_pb_image src=&#8221;https:\/\/carnavalvirtual.com.br\/passarela\/wp-content\/uploads\/2021\/11\/ala-04-scaled.jpg&#8221; title_text=&#8221;ala 04&#8243; _builder_version=&#8221;4.10.7&#8243; _module_preset=&#8221;default&#8221; global_colors_info=&#8221;{}&#8221;][\/et_pb_image][\/et_pb_column][\/et_pb_row][et_pb_row _builder_version=&#8221;4.10.7&#8243; _module_preset=&#8221;default&#8221; global_colors_info=&#8221;{}&#8221;][et_pb_column type=&#8221;4_4&#8243; _builder_version=&#8221;4.10.7&#8243; _module_preset=&#8221;default&#8221; global_colors_info=&#8221;{}&#8221;][et_pb_text _builder_version=&#8221;4.10.7&#8243; _module_preset=&#8221;default&#8221; global_colors_info=&#8221;{}&#8221;]<p style=\"text-align: center\"><strong>Ala 04 <\/strong><br \/>Atot\u00f4 Omolu &#8211; A magia do velho n\u00e3o falha.<\/p>[\/et_pb_text][\/et_pb_column][\/et_pb_row][et_pb_row _builder_version=&#8221;4.10.7&#8243; _module_preset=&#8221;default&#8221; global_colors_info=&#8221;{}&#8221;][et_pb_column type=&#8221;4_4&#8243; _builder_version=&#8221;4.10.7&#8243; _module_preset=&#8221;default&#8221; global_colors_info=&#8221;{}&#8221;][et_pb_image src=&#8221;https:\/\/carnavalvirtual.com.br\/passarela\/wp-content\/uploads\/2021\/11\/ala-031.png&#8221; title_text=&#8221;ala 031&#8243; _builder_version=&#8221;4.10.7&#8243; _module_preset=&#8221;default&#8221; global_colors_info=&#8221;{}&#8221;][\/et_pb_image][\/et_pb_column][\/et_pb_row][et_pb_row _builder_version=&#8221;4.10.7&#8243; _module_preset=&#8221;default&#8221; global_colors_info=&#8221;{}&#8221;][et_pb_column type=&#8221;4_4&#8243; _builder_version=&#8221;4.10.7&#8243; _module_preset=&#8221;default&#8221; global_colors_info=&#8221;{}&#8221;][et_pb_text _builder_version=&#8221;4.10.7&#8243; _module_preset=&#8221;default&#8221; global_colors_info=&#8221;{}&#8221;]<p style=\"text-align: center\"><strong>Ala 02<\/strong><br \/>Saluba Nan\u00e3 &#8211; Salve a velha deusa das \u00e1guas barrentas.<\/p>[\/et_pb_text][\/et_pb_column][\/et_pb_row][et_pb_row _builder_version=&#8221;4.10.7&#8243; _module_preset=&#8221;default&#8221; global_colors_info=&#8221;{}&#8221;][et_pb_column type=&#8221;4_4&#8243; _builder_version=&#8221;4.10.7&#8243; _module_preset=&#8221;default&#8221; global_colors_info=&#8221;{}&#8221;][et_pb_image src=&#8221;https:\/\/carnavalvirtual.com.br\/passarela\/wp-content\/uploads\/2021\/11\/ala-02-scaled.jpg&#8221; title_text=&#8221;ala 02&#8243; _builder_version=&#8221;4.10.7&#8243; _module_preset=&#8221;default&#8221; global_colors_info=&#8221;{}&#8221;][\/et_pb_image][\/et_pb_column][\/et_pb_row][et_pb_row _builder_version=&#8221;4.10.7&#8243; _module_preset=&#8221;default&#8221; global_colors_info=&#8221;{}&#8221;][et_pb_column type=&#8221;4_4&#8243; _builder_version=&#8221;4.10.7&#8243; _module_preset=&#8221;default&#8221; global_colors_info=&#8221;{}&#8221;][et_pb_text _builder_version=&#8221;4.10.7&#8243; _module_preset=&#8221;default&#8221; global_colors_info=&#8221;{}&#8221;]<p style=\"text-align: center\"><strong>Ala 02\u00a0<\/strong><br \/>Saluba Nan\u00e3 &#8211; Salve a velha deusa das \u00e1guas barrentas.<\/p>[\/et_pb_text][\/et_pb_column][\/et_pb_row][et_pb_row _builder_version=&#8221;4.10.7&#8243; _module_preset=&#8221;default&#8221; global_colors_info=&#8221;{}&#8221;][et_pb_column type=&#8221;4_4&#8243; _builder_version=&#8221;4.10.7&#8243; _module_preset=&#8221;default&#8221; global_colors_info=&#8221;{}&#8221;][et_pb_image src=&#8221;https:\/\/carnavalvirtual.com.br\/passarela\/wp-content\/uploads\/2021\/11\/ala-01-scaled.jpg&#8221; title_text=&#8221;ala 01&#8243; _builder_version=&#8221;4.10.7&#8243; _module_preset=&#8221;default&#8221; global_colors_info=&#8221;{}&#8221;][\/et_pb_image][\/et_pb_column][\/et_pb_row][et_pb_row _builder_version=&#8221;4.10.7&#8243; _module_preset=&#8221;default&#8221; global_colors_info=&#8221;{}&#8221;][et_pb_column type=&#8221;4_4&#8243; _builder_version=&#8221;4.10.7&#8243; _module_preset=&#8221;default&#8221; global_colors_info=&#8221;{}&#8221;][et_pb_text _builder_version=&#8221;4.10.7&#8243; _module_preset=&#8221;default&#8221; global_colors_info=&#8221;{}&#8221;]<p style=\"text-align: center\"><strong>Ala 01<\/strong><br \/>Odoy\u00e1 &#8211; Salve a Rainha do Mar.<\/p>[\/et_pb_text][\/et_pb_column][\/et_pb_row][et_pb_row _builder_version=&#8221;4.10.7&#8243; _module_preset=&#8221;default&#8221; global_colors_info=&#8221;{}&#8221;][et_pb_column type=&#8221;4_4&#8243; _builder_version=&#8221;4.10.7&#8243; _module_preset=&#8221;default&#8221; global_colors_info=&#8221;{}&#8221;][et_pb_image src=&#8221;https:\/\/carnavalvirtual.com.br\/passarela\/wp-content\/uploads\/2021\/11\/abre-alas.png&#8221; title_text=&#8221;abre alas&#8221; align=&#8221;center&#8221; _builder_version=&#8221;4.10.7&#8243; _module_preset=&#8221;default&#8221; global_colors_info=&#8221;{}&#8221;][\/et_pb_image][\/et_pb_column][\/et_pb_row][et_pb_row _builder_version=&#8221;4.9.7&#8243; _module_preset=&#8221;default&#8221; global_colors_info=&#8221;{}&#8221;][et_pb_column type=&#8221;4_4&#8243; _builder_version=&#8221;4.9.7&#8243; _module_preset=&#8221;default&#8221; global_colors_info=&#8221;{}&#8221;][et_pb_text _builder_version=&#8221;4.10.7&#8243; _module_preset=&#8221;default&#8221; global_colors_info=&#8221;{}&#8221;]<p style=\"text-align: center\"><strong>Abre-alas<\/strong><br \/>O Reino de y\u00e8y\u00e9 omo ej\u00e1\u00a0 (O reino da m\u00e3e cujo os filhos s\u00e3o como peixes)<\/p>\n<div id=\"gtx-trans\">\n<div class=\"gtx-trans-icon\"><\/div>\n<\/div>[\/et_pb_text][\/et_pb_column][\/et_pb_row][et_pb_row _builder_version=&#8221;4.10.7&#8243; _module_preset=&#8221;default&#8221; global_colors_info=&#8221;{}&#8221;][et_pb_column type=&#8221;4_4&#8243; _builder_version=&#8221;4.10.7&#8243; _module_preset=&#8221;default&#8221; global_colors_info=&#8221;{}&#8221;][et_pb_image src=&#8221;https:\/\/carnavalvirtual.com.br\/passarela\/wp-content\/uploads\/2021\/11\/1-casal-scaled.jpg&#8221; title_text=&#8221;1 casal&#8221; _builder_version=&#8221;4.10.7&#8243; _module_preset=&#8221;default&#8221; global_colors_info=&#8221;{}&#8221;][\/et_pb_image][\/et_pb_column][\/et_pb_row][et_pb_row _builder_version=&#8221;4.9.7&#8243; _module_preset=&#8221;default&#8221; global_colors_info=&#8221;{}&#8221;][et_pb_column type=&#8221;4_4&#8243; _builder_version=&#8221;4.9.7&#8243; _module_preset=&#8221;default&#8221; global_colors_info=&#8221;{}&#8221;][et_pb_text _builder_version=&#8221;4.10.7&#8243; _module_preset=&#8221;default&#8221; global_colors_info=&#8221;{}&#8221;]<p style=\"text-align: center\"><strong>1\u00b0Casal de M.S\/P.B<\/strong><br \/>A Sagradas riquezas das profundezas do mar.<\/p>\n<p style=\"text-align: center\">Guardi\u00f5es do M.S\/P.B<\/p>\n<p style=\"text-align: center\">P\u00e9rolas do mar de Iemanj\u00e1.<\/p>[\/et_pb_text][\/et_pb_column][\/et_pb_row][et_pb_row _builder_version=&#8221;4.10.7&#8243; _module_preset=&#8221;default&#8221; global_colors_info=&#8221;{}&#8221;][et_pb_column type=&#8221;4_4&#8243; _builder_version=&#8221;4.10.7&#8243; _module_preset=&#8221;default&#8221; global_colors_info=&#8221;{}&#8221;][et_pb_image src=&#8221;https:\/\/carnavalvirtual.com.br\/passarela\/wp-content\/uploads\/2021\/11\/cf-scaled.jpg&#8221; title_text=&#8221;cf&#8221; align=&#8221;center&#8221; _builder_version=&#8221;4.10.7&#8243; _module_preset=&#8221;default&#8221; global_colors_info=&#8221;{}&#8221;][\/et_pb_image][\/et_pb_column][\/et_pb_row][et_pb_row _builder_version=&#8221;4.9.7&#8243; _module_preset=&#8221;default&#8221; global_colors_info=&#8221;{}&#8221;][et_pb_column type=&#8221;4_4&#8243; _builder_version=&#8221;4.9.7&#8243; _module_preset=&#8221;default&#8221; global_colors_info=&#8221;{}&#8221;][et_pb_text _builder_version=&#8221;4.10.7&#8243; _module_preset=&#8221;default&#8221; global_colors_info=&#8221;{}&#8221;]<p style=\"text-align: center\"><strong>Comiss\u00e3o de Frente<\/strong><br \/>O grande xir\u00ea da sagradas \u00a0invoca\u00e7\u00f5es.<\/p>\n<p style=\"text-align: center\">Elemento Cenogr\u00e1fico<\/p>\n<p style=\"text-align: center\">O templo sagrado.<\/p>\n<div id=\"gtx-trans\">\n<div class=\"gtx-trans-icon\"><\/div>\n<\/div>[\/et_pb_text][\/et_pb_column][\/et_pb_row][et_pb_row _builder_version=&#8221;4.10.7&#8243; _module_preset=&#8221;default&#8221;][et_pb_column _builder_version=&#8221;4.10.7&#8243; _module_preset=&#8221;default&#8221; type=&#8221;4_4&#8243;][et_pb_image _builder_version=&#8221;4.10.7&#8243; _module_preset=&#8221;default&#8221; title_text=&#8221;18 &#8211; Vila Bet\u00e2nia&#8221; src=&#8221;https:\/\/carnavalvirtual.com.br\/passarela\/wp-content\/uploads\/2021\/11\/18-Vila-Betania.gif&#8221; hover_enabled=&#8221;0&#8243; sticky_enabled=&#8221;0&#8243;][\/et_pb_image][\/et_pb_column][\/et_pb_row][et_pb_row _builder_version=&#8221;4.10.7&#8243; _module_preset=&#8221;default&#8221;][et_pb_column _builder_version=&#8221;4.10.7&#8243; _module_preset=&#8221;default&#8221; type=&#8221;4_4&#8243;][et_pb_image _builder_version=&#8221;4.10.7&#8243; _module_preset=&#8221;default&#8221; title_text=&#8221;organograma&#8221; src=&#8221;https:\/\/carnavalvirtual.com.br\/passarela\/wp-content\/uploads\/2021\/11\/organograma.png&#8221; url=&#8221;https:\/\/drive.google.com\/file\/d\/1zMBy-u9pI3llgL1Cl19WJ1RvX1j1P5bh\/view?usp=sharing&#8221; url_new_window=&#8221;on&#8221; hover_enabled=&#8221;0&#8243; sticky_enabled=&#8221;0&#8243; align=&#8221;center&#8221;][\/et_pb_image][\/et_pb_column][\/et_pb_row][et_pb_row _builder_version=&#8221;4.10.7&#8243; _module_preset=&#8221;default&#8221;][et_pb_column _builder_version=&#8221;4.10.7&#8243; _module_preset=&#8221;default&#8221; type=&#8221;4_4&#8243;][et_pb_image _builder_version=&#8221;4.10.7&#8243; _module_preset=&#8221;default&#8221; title_text=&#8221;ARQUIBANCADA VIR&#8221; src=&#8221;https:\/\/carnavalvirtual.com.br\/passarela\/wp-content\/uploads\/2021\/11\/ARQUIBANCADA-VIR.png&#8221; align=&#8221;center&#8221; url=&#8221;https:\/\/drive.google.com\/file\/d\/122ANRZHkUUaMalB_HWrgfIqIh9E_VKcF\/view?usp=sharing&#8221; url_new_window=&#8221;on&#8221; hover_enabled=&#8221;0&#8243; sticky_enabled=&#8221;0&#8243;][\/et_pb_image][\/et_pb_column][\/et_pb_row][\/et_pb_section]\n","protected":false},"excerpt":{"rendered":"<p>Ala 15Ogunh\u00ea Ogum &#8211; Bravo ao guerreiro.Ala 14Ka\u00f4 Kabiesil\u00e9 Xang\u00f4 &#8211; Senhor do fogo,trov\u00e3o e justi\u00e7a divina.Trip\u00e9 Alafin de Oy\u00f3Ala 13Exu &#8211; O senhor dos caminhos e da faisca de Ib\u00e1Ala 12(Velha-guarda) Oxalufan &#8211; A magia ancestral.Ala 11Xe\u00fa ep\u00e1 b\u00e0b\u00e1 &#8211; Salve o criador e senhor da paz.Ala 10Eparrey Oy\u00e1 &#8211; Senhora dos ventos,raios e [&hellip;]<\/p>\n","protected":false},"author":74,"featured_media":0,"parent":0,"menu_order":0,"comment_status":"closed","ping_status":"closed","template":"","meta":{"_et_pb_use_builder":"on","_et_pb_old_content":"","_et_gb_content_width":""},"_links":{"self":[{"href":"https:\/\/carnavalvirtual.com.br\/passarela\/wp-json\/wp\/v2\/pages\/945"}],"collection":[{"href":"https:\/\/carnavalvirtual.com.br\/passarela\/wp-json\/wp\/v2\/pages"}],"about":[{"href":"https:\/\/carnavalvirtual.com.br\/passarela\/wp-json\/wp\/v2\/types\/page"}],"author":[{"embeddable":true,"href":"https:\/\/carnavalvirtual.com.br\/passarela\/wp-json\/wp\/v2\/users\/74"}],"replies":[{"embeddable":true,"href":"https:\/\/carnavalvirtual.com.br\/passarela\/wp-json\/wp\/v2\/comments?post=945"}],"version-history":[{"count":11,"href":"https:\/\/carnavalvirtual.com.br\/passarela\/wp-json\/wp\/v2\/pages\/945\/revisions"}],"predecessor-version":[{"id":5556,"href":"https:\/\/carnavalvirtual.com.br\/passarela\/wp-json\/wp\/v2\/pages\/945\/revisions\/5556"}],"wp:attachment":[{"href":"https:\/\/carnavalvirtual.com.br\/passarela\/wp-json\/wp\/v2\/media?parent=945"}],"curies":[{"name":"wp","href":"https:\/\/api.w.org\/{rel}","templated":true}]}}